{"id":12,"date":"2016-04-25T07:34:43","date_gmt":"2016-04-25T05:34:43","guid":{"rendered":"http:\/\/ugt.saske.sk\/en\/?page_id=12"},"modified":"2018-09-06T11:26:42","modified_gmt":"2018-09-06T09:26:42","slug":"contact-information","status":"publish","type":"page","link":"https:\/\/ugt.saske.sk\/en\/contact\/contact-information\/","title":{"rendered":"Contact Information"},"content":{"rendered":"<h2>Address<\/h2>\n<p>Institute of Geotechnics SAS<br \/>\nWatsonova 45<br \/>\n040 01 Ko\u0161ice<br \/>\nSlovak Republic<\/p>\n<p>Tel.: +421 55 792 2601<br \/>\nFax: +421 55 792 2604<br \/>\ne-mail: ugtsekr@saske.sk<\/p>\n<h2>Location<\/h2>\n<p>GPS: 48\u00b044&#8217;03.1&#8243;N 21\u00b014&#8217;19.6&#8243;E<br \/>\n<iframe loading=\"lazy\" src=\"https:\/\/www.google.com\/maps\/embed?pb=!1m18!1m12!1m3!1d657.8734040478574!2d21.238232488148157!3d48.73426688322703!2m3!1f0!2f0!3f0!3m2!1i1024!2i768!4f13.1!3m3!1m2!1s0x0%3A0x0!2zNDjCsDQ0JzAzLjQiTiAyMcKwMTQnMTkuNiJF!5e0!3m2!1ssk!2ssk!4v1461562712819\" width=\"695\" height=\"520\" frameborder=\"0\" style=\"border:0\" allowfullscreen><\/iframe><\/p>\n","protected":false},"excerpt":{"rendered":"<p>Address Institute of Geotechnics SAS Watsonova 45 040 01 Ko\u0161ice Slovak Republic Tel.: +421 55 792 2601 Fax: +421 55 792 2604 e-mail: ugtsekr@saske.sk Location&#8230;<span class=\"excerpt_more\"><a href=\"https:\/\/ugt.saske.sk\/en\/contact\/contact-information\/\">\u010d\u00edta\u0165 \u010falej &raquo;<\/a><\/span><\/p>\n","protected":false},"author":1,"featured_media":0,"parent":10,"menu_order":0,"comment_status":"closed","ping_status":"closed","template":"","meta":{"_links_to":"","_links_to_target":""},"_links":{"self":[{"href":"https:\/\/ugt.saske.sk\/en\/wp-json\/wp\/v2\/pages\/12"}],"collection":[{"href":"https:\/\/ugt.saske.sk\/en\/wp-json\/wp\/v2\/pages"}],"about":[{"href":"https:\/\/ugt.saske.sk\/en\/wp-json\/wp\/v2\/types\/page"}],"author":[{"embeddable":true,"href":"https:\/\/ugt.saske.sk\/en\/wp-json\/wp\/v2\/users\/1"}],"replies":[{"embeddable":true,"href":"https:\/\/ugt.saske.sk\/en\/wp-json\/wp\/v2\/comments?post=12"}],"version-history":[{"count":7,"href":"https:\/\/ugt.saske.sk\/en\/wp-json\/wp\/v2\/pages\/12\/revisions"}],"predecessor-version":[{"id":586,"href":"https:\/\/ugt.saske.sk\/en\/wp-json\/wp\/v2\/pages\/12\/revisions\/586"}],"up":[{"embeddable":true,"href":"https:\/\/ugt.saske.sk\/en\/wp-json\/wp\/v2\/pages\/10"}],"wp:attachment":[{"href":"https:\/\/ugt.saske.sk\/en\/wp-json\/wp\/v2\/media?parent=12"}],"curies":[{"name":"wp","href":"https:\/\/api.w.org\/{rel}","templated":true}]}}