{"id":153,"date":"2016-05-03T08:29:01","date_gmt":"2016-05-03T06:29:01","guid":{"rendered":"http:\/\/ugt.saske.sk\/en\/?page_id=153"},"modified":"2022-09-06T12:53:51","modified_gmt":"2022-09-06T10:53:51","slug":"department-of-mechanochemistry","status":"publish","type":"page","link":"https:\/\/ugt.saske.sk\/en\/about-us\/structure\/departments\/department-of-mechanochemistry\/","title":{"rendered":"Department of Mechanochemistry"},"content":{"rendered":"<p><b>Head of the department:<\/b><ahttps:\/\/ugt.saske.sk\/en\/staff\/basic-info\/?user_no=4550&#038;publication_author_id=0145351\"> Mgr. Marcela Achimovi\u010dov\u00e1, PhD.<\/a><br \/>\n&nbsp;<br \/>\nResearch in Department of Mechanochemistry focuses on the elaboration of mechano-chemical, physico-chemical and chemical methods of synthesis and application of nanocrystalline materials and their composites prepared from precursors based on natural minerals, synthetic substances, as well as selected components of intermediate products and wastes from various industries.<br \/>\n&nbsp;<br \/>\n<b>RESEARCH FOCUS<\/b><\/p>\n<p>Mechanochemistry is a branch of chemistry, which is concerned with the chemical and the physic-chemical changes of substances of all states of aggregation due to the influence of mechanical energy. According to this definition two main processes are applied in the department:<\/p>\n<ul>\n<li style=\"text-align: left;\">mechanochemical solid state synthesis, where the new materials are produced and<\/li>\n<li style=\"text-align: left;\">mechanical activation of solids, where the improvement of their properties is obtained.<\/li>\n<\/ul>\n<p>&nbsp;<br \/>\nPotential for application of the products rests in their implementation to the:<\/p>\n<ul>\n<li style=\"text-align: left;\">electrotechnical industry &#8211; semiconductors, photovoltaic cells, batteries and fuel cells based on sulfides, oxides and silicates,<\/li>\n<li style=\"text-align: left;\">hydrometallurgy &#8211; recovery of precious (gold, bismuth), economically important (copper) or on the other hand undesirable metals (antimony, arsenic),<\/li>\n<li style=\"text-align: left;\">ecology &#8211; cleaning of waters, CO<sub>2<\/sub> storage,<\/li>\n<li style=\"text-align: left;\">medicine &#8211; drugs based on minerals.<\/li>\n<\/ul>\n<p>&nbsp;<\/p>\n<p><b>RESEARCH INFRASTRUCTURE<\/b><\/p>\n<ul>\n<li style=\"text-align: left;\">Pulverisette 6 (Fritsch, Germany) &#8211; Laboratory mill for milling in nano region<\/li>\n<li style=\"text-align: left;\">Pulverisette 7, premium line (Fritsch, Germany) &#8211; Laboratory mill for milling in nano region in combination with GTM system<\/li>\n<li style=\"text-align: left;\">Attritor PE 0.75 (Netzsch, Germany) &#8211; Laboratory mill for ultrafine milling<\/li>\n<li style=\"text-align: left;\">MiniCer (Netzsch, Germany) &#8211; Laboratory mill for preparation of nanosuspensions<\/li>\n<li style=\"text-align: left;\">6870 Freezer Mill \u2013 SPEX (SPEX Sample Prep, USA) &#8211; Laboratory mill for milling at low temperatures<\/li>\n<li style=\"text-align: left;\">Nanophox (Sympatec, Germany) &#8211; Equipment for measurement of particle size distribution in nanometer region<\/li>\n<li style=\"text-align: left;\">XRD diffractometer D8 Advance (Bruker, Germany) &#8211; Equipment for qualitative and quantitative X-ray analysis<\/li>\n<li style=\"text-align: left;\">STA 449 F3 Jupiter (Netzsch, Germany) &#8211; Equipment for thermal analysis of solids<\/li>\n<li style=\"text-align: left;\">QMS 403 D (Netzsch, Germany) &#8211; Equipment for detection of gases evolved during thermal analysis of solids<\/li>\n<li style=\"text-align: left;\">Scanning electron mikroskope FE SEM MIRA 3 (TESCAN, Czech Republik) &#8211; Equipment for determination of morphology and composition of materials<\/li>\n<li style=\"text-align: left;\">Zetasizer Nano Z (Malvern, Great Britain) &#8211; Equipment for measurement of zeta-potential of nanoparticles<\/li>\n<li style=\"text-align: left;\">Helios Gama (Thermo Electron Corporation, Great Britain) &#8211; Equipment for measuring of UV-vis spectra of solids<\/li>\n<li style=\"text-align: left;\">Spectrofluorimeter PC1 (ISS, USA) &#8211; Equipment for measurement of fluorescence spectra of solids<\/li>\n<\/ul>\n<p>&nbsp;<\/p>\n<p><b>RESEARCH STAFF<\/b><\/p>\n<table class='list'>\n<tr class='list_header'>\n<td>Name \/ Position<\/td>\n<td>E-mail<\/td>\n<td>Phone<\/td>\n<\/tr>\n<tr>\n<td width='50%'><a class='bold' href='\/en\/staff\/basic-info\/?user_no=4550&#038;publication_author_id=0145351'>Achimovi\u010dov\u00e1, Marcela Mgr., PhD.<\/a><\/p>\n<div>Head of Department of Mechanochemistry \/ Leading Scientist<\/div>\n<\/td>\n<td width='35%'><a href='mailto:achimovic@saske.sk'>achimovic@saske.sk<\/a><\/td>\n<td width='15%'>+421 55 7922607<\/td>\n<\/tr>\n<tr>\n<td width='50%'><a class='bold' href='\/en\/staff\/basic-info\/?user_no=8905&#038;publication_author_id=0170743'>Bal\u00e1\u017e, Matej RNDr., DrSc.<\/a><\/p>\n<div>leading researcher, scientific board member<\/div>\n<\/td>\n<td width='35%'><a href='mailto:balazm@saske.sk'>balazm@saske.sk<\/a><\/td>\n<td width='15%'>+421 55 7922603<\/td>\n<\/tr>\n<tr>\n<td width='50%'><a class='bold' href='\/en\/staff\/basic-info\/?user_no=3437&#038;publication_author_id=0142918'>Bal\u00e1\u017e, Peter Dr.h.c. prof. RNDr., DrSc.<\/a><\/p>\n<div>Principal Researcher<\/div>\n<\/td>\n<td width='35%'><a href='mailto:balaz@saske.sk'>balaz@saske.sk<\/a><\/td>\n<td width='15%'>+421 55 7922603<\/td>\n<\/tr>\n<tr>\n<td width='50%'><a class='bold' href='\/en\/staff\/basic-info\/?user_no=5705&#038;publication_author_id=0145473'>Brian\u010din, Jaroslav prof. RNDr., CSc.<\/a><\/p>\n<div>Senior Researcher<\/div>\n<\/td>\n<td width='35%'><a href='mailto:briancin@saske.sk'>briancin@saske.sk<\/a><\/td>\n<td width='15%'>+421 55 7922608<\/td>\n<\/tr>\n<tr>\n<td width='50%'><a class='bold' href='\/en\/staff\/basic-info\/?user_no=13269&#038;publication_author_id=0235351'>Dren\u010dakov\u00e1, D\u00e1\u0161a Mgr.<\/a><\/p>\n<div>PhD Student<\/div>\n<\/td>\n<td width='35%'><a href='mailto:drencakova@saske.sk'>drencakova@saske.sk<\/a><\/td>\n<td width='15%'>+421 55 792 2621<\/td>\n<\/tr>\n<tr>\n<td width='50%'><a class='bold' href='\/en\/staff\/basic-info\/?user_no=3427&#038;publication_author_id=0145475'>Dutkov\u00e1, Erika RNDr., PhD.<\/a><\/p>\n<div>Senior Researcher<\/div>\n<\/td>\n<td width='35%'><a href='mailto:dutkova@saske.sk'>dutkova@saske.sk<\/a><\/td>\n<td width='15%'>+421 55 7922606<\/td>\n<\/tr>\n<tr>\n<td width='50%'><a class='bold' href='\/en\/staff\/basic-info\/?user_no=5708&#038;publication_author_id=0145476'>Fabi\u00e1n, Martin RNDr., PhD.<\/a><\/p>\n<div>Senior Researcher \/ Member of Scientific Board<\/div>\n<\/td>\n<td width='35%'><a href='mailto:fabianm@saske.sk'>fabianm@saske.sk<\/a><\/td>\n<td width='15%'>+421 55 7922608<\/td>\n<\/tr>\n<tr>\n<td width='50%'><a class='bold' href='\/en\/staff\/basic-info\/?user_no=14913&#038;publication_author_id='>Feni\u010dinov\u00e1, Marianna <\/a><\/p>\n<div>technician<\/div>\n<\/td>\n<td width='35%'><a href='mailto:fenicinova@saske.sk'>fenicinova@saske.sk<\/a><\/td>\n<td width='15%'><\/td>\n<\/tr>\n<tr>\n<td width='50%'><a class='bold' href='\/en\/staff\/basic-info\/?user_no=3430&#038;publication_author_id=0003199'>Ficeriov\u00e1, Jana Ing., PhD.<\/a><\/p>\n<div>Senior Researcher<\/div>\n<\/td>\n<td width='35%'><a href='mailto:ficeri@saske.sk'>ficeri@saske.sk<\/a><\/td>\n<td width='15%'>+421 55 7922606<\/td>\n<\/tr>\n<tr>\n<td width='50%'><a class='bold' href='\/en\/staff\/basic-info\/?user_no=7435&#038;publication_author_id=0162913'>Luk\u00e1\u010dov\u00e1 Buj\u0148\u00e1kov\u00e1, Zdenka Mgr., PhD.<\/a><\/p>\n<div> Senior Researcher, Scientific Board Member<\/div>\n<\/td>\n<td width='35%'><a href='mailto:bujnakova@saske.sk'>bujnakova@saske.sk<\/a><\/td>\n<td width='15%'>+421 55 7922606<\/td>\n<\/tr>\n<tr>\n<td width='50%'><a class='bold' href='\/en\/staff\/basic-info\/?user_no=12305&#038;publication_author_id=0230037'>Porodko, Olena Mgr., PhD.<\/a><\/p>\n<div>research fellow<\/div>\n<\/td>\n<td width='35%'><a href='mailto:porodko@saske.sk'>porodko@saske.sk<\/a><\/td>\n<td width='15%'>+421 55 7922610<\/td>\n<\/tr>\n<tr>\n<td width='50%'><a class='bold' href='\/en\/staff\/basic-info\/?user_no=4785&#038;publication_author_id=0146063'>\u0160epel\u00e1k, Vladim\u00edr prof. RNDr., DrSc.<\/a><\/p>\n<div>lead scientist<\/div>\n<\/td>\n<td width='35%'><a href='mailto:vlsep@saske.sk'>vlsep@saske.sk<\/a><\/td>\n<td width='15%'>+421 55 7922608<\/td>\n<\/tr>\n<tr>\n<td width='50%'><a class='bold' href='\/en\/staff\/basic-info\/?user_no=13790&#038;publication_author_id='>Tampubolon, Imelda Octa , MSc.<\/a><\/p>\n<div><\/div>\n<\/td>\n<td width='35%'><a href='mailto:tampubolon@saske.sk'>tampubolon@saske.sk<\/a><\/td>\n<td width='15%'>055\/7922658<\/td>\n<\/tr>\n<tr>\n<td width='50%'><a class='bold' href='\/en\/staff\/basic-info\/?user_no=5723&#038;publication_author_id=0167759'>T\u00f3thov\u00e1, Erika RNDr., PhD.<\/a><\/p>\n<div>Senior Researcher<\/div>\n<\/td>\n<td width='35%'><a href='mailto:etothova@saske.sk'>etothova@saske.sk<\/a><\/td>\n<td width='15%'>+421 55 7922607<\/td>\n<\/tr>\n<\/table>\n","protected":false},"excerpt":{"rendered":"<p>Head of the department:<\/p>\n","protected":false},"author":1,"featured_media":0,"parent":32,"menu_order":30,"comment_status":"closed","ping_status":"closed","template":"","meta":{"_links_to":"","_links_to_target":""},"_links":{"self":[{"href":"https:\/\/ugt.saske.sk\/en\/wp-json\/wp\/v2\/pages\/153"}],"collection":[{"href":"https:\/\/ugt.saske.sk\/en\/wp-json\/wp\/v2\/pages"}],"about":[{"href":"https:\/\/ugt.saske.sk\/en\/wp-json\/wp\/v2\/types\/page"}],"author":[{"embeddable":true,"href":"https:\/\/ugt.saske.sk\/en\/wp-json\/wp\/v2\/users\/1"}],"replies":[{"embeddable":true,"href":"https:\/\/ugt.saske.sk\/en\/wp-json\/wp\/v2\/comments?post=153"}],"version-history":[{"count":16,"href":"https:\/\/ugt.saske.sk\/en\/wp-json\/wp\/v2\/pages\/153\/revisions"}],"predecessor-version":[{"id":718,"href":"https:\/\/ugt.saske.sk\/en\/wp-json\/wp\/v2\/pages\/153\/revisions\/718"}],"up":[{"embeddable":true,"href":"https:\/\/ugt.saske.sk\/en\/wp-json\/wp\/v2\/pages\/32"}],"wp:attachment":[{"href":"https:\/\/ugt.saske.sk\/en\/wp-json\/wp\/v2\/media?parent=153"}],"curies":[{"name":"wp","href":"https:\/\/api.w.org\/{rel}","templated":true}]}}