{"id":157,"date":"2016-05-03T08:29:56","date_gmt":"2016-05-03T06:29:56","guid":{"rendered":"http:\/\/ugt.saske.sk\/en\/?page_id=157"},"modified":"2016-05-25T11:11:13","modified_gmt":"2016-05-25T09:11:13","slug":"department-of-environment-and-hygiene-in-mining","status":"publish","type":"page","link":"https:\/\/ugt.saske.sk\/en\/about-us\/structure\/departments\/department-of-environment-and-hygiene-in-mining\/","title":{"rendered":"Department of Environment and Hygiene in Mining"},"content":{"rendered":"<p><b>Head of the department:<\/b><a href=\"http:\/\/www.sav.sk\/index.php?lang=sk&amp;doc=user-org-user&amp;user_no=3426\"> Ing. Jozef Han\u010du\u013e\u00e1k, PhD.<\/a><br \/>\n&nbsp;<br \/>\n<b>RESEARCH FOCUS<\/b><\/p>\n<p>The research group of the Department of Environment and Hygiene in Mining deals with the study of impact of industrial and other anthropogenic activities on selected factors of living and working environment. It offers wide knowledge and experience with research and applications of monitoring, analysis, distribution and risk assessment of inorganic contaminants in air, soils and bottom sediments in the areas of present and old environmental loads.<\/p>\n<p>The research is focused on two specific areas of the environment: air quality, and contaminated soils and bottom sediments of river beds, lakes, water reservoirs, etc.<\/p>\n<div align=\"justify\">\n<ul>\n<li style=\"text-align: left;\">atmospheric deposition of potentially toxic elements and mineral substances,<\/li>\n<li style=\"text-align: left;\">properties of particulate matters and aerosols,<\/li>\n<li style=\"text-align: left;\">study of dustiness and fibrogeneous properties of mineral dusts and aerosols in living and working environment,<\/li>\n<li style=\"text-align: left;\">forms of occurrence, bond, mobility and distribution in soils and bottom sediments,<\/li>\n<li style=\"text-align: left;\">risk analysis &#8211; ecotoxicological and phytotoxicity tests of soils and bottom sediments.<\/li>\n<\/ul>\n<p>&nbsp;<br \/>\n<b>RESEARCH INFRASTRUCTURE<\/b><\/p>\n<ul>\n<li style=\"text-align: left;\">portable laser aerosol spectrometer Grimm 1109 for determination of concentration and size distribution of dust particles in real time (31 channels from 0,25 to 32 \u03bcm),<\/li>\n<li style=\"text-align: left;\">programmable automatic samplers with accessories for sampling particulate matter (PM10, PM2.5, TSP) and pollutants in ambient air (Digitel DH77, Echo High Volume Tecora, Leckel MVS6, Bravo Tecora PM),<\/li>\n<li style=\"text-align: left;\">personal samplers with accessories for sampling air in the working environment (Apex Casella),<\/li>\n<li style=\"text-align: left;\">XRF spectroscop  Spectro Xepos  III (direct analysis of solid samples from Na to U),<\/li>\n<li style=\"text-align: left;\">trace and ultra-trace mercury analyzer DMA\u201380 Tricell for direct analysis of solid, liquid and gas samples,<\/li>\n<li style=\"text-align: left;\">apparatus for vacuum filtration of samples atmospheric deposition.<\/li>\n<\/ul>\n<p>&nbsp;<br \/>\n<b>RESEARCH STAFF<\/b><\/p>\n<table class='list'>\n<tr class='list_header'>\n<td>Name \/ Position<\/td>\n<td>E-mail<\/td>\n<td>Phone<\/td>\n<\/tr>\n<tr>\n<td width='50%'><a class='bold' href='\/en\/staff\/basic-info\/?user_no=8609&#038;publication_author_id=0175546'>Findor\u00e1kov\u00e1, Lenka RNDr., PhD.<\/a><\/p>\n<div>Senior Researcher<\/div>\n<\/td>\n<td width='35%'><a href='mailto:findorakova@saske.sk'>findorakova@saske.sk<\/a><\/td>\n<td width='15%'>+421 55 7922618<\/td>\n<\/tr>\n<tr>\n<td width='50%'><a class='bold' href='\/en\/staff\/basic-info\/?user_no=12852&#038;publication_author_id=0231044'>G\u00e1llov\u00e1, Petra Mgr.<\/a><\/p>\n<div>PhD Student<\/div>\n<\/td>\n<td width='35%'><a href='mailto:cervenakova@saske.sk'>cervenakova@saske.sk<\/a><\/td>\n<td width='15%'>+421 55 792 2658<\/td>\n<\/tr>\n<tr>\n<td width='50%'><a class='bold' href='\/en\/staff\/basic-info\/?user_no=3426&#038;publication_author_id=0145480'>Han\u010du\u013e\u00e1k, Jozef Ing., PhD.<\/a><\/p>\n<div>Head of Department of Environment and Hygiene in Mining \/ Member of Assembly of SAS \/ Senior Researcher \/ Member of Management Board<\/div>\n<\/td>\n<td width='35%'><a href='mailto:hanculak@saske.sk'>hanculak@saske.sk<\/a><\/td>\n<td width='15%'>+421 55 7922609<\/td>\n<\/tr>\n<tr>\n<td width='50%'><a class='bold' href='\/en\/staff\/basic-info\/?user_no=7629&#038;publication_author_id=0145616'>\u0160estinov\u00e1, O\u013ega Ing., PhD.<\/a><\/p>\n<div>Senior Researcher<\/div>\n<\/td>\n<td width='35%'><a href='mailto:sestinova@saske.sk'>sestinova@saske.sk<\/a><\/td>\n<td width='15%'>+421 55 7922618<\/td>\n<\/tr>\n<\/table>\n","protected":false},"excerpt":{"rendered":"<p>Head of the department: Ing. Jozef Han\u010du\u013e\u00e1k, PhD. &nbsp; RESEARCH FOCUS The research group of the Department of Environment and Hygiene in Mining deals with&#8230;<span class=\"excerpt_more\"><a href=\"https:\/\/ugt.saske.sk\/en\/about-us\/structure\/departments\/department-of-environment-and-hygiene-in-mining\/\">\u010d\u00edta\u0165 \u010falej &raquo;<\/a><\/span><\/p>\n","protected":false},"author":1,"featured_media":0,"parent":32,"menu_order":50,"comment_status":"closed","ping_status":"closed","template":"","meta":{"_links_to":"","_links_to_target":""},"_links":{"self":[{"href":"https:\/\/ugt.saske.sk\/en\/wp-json\/wp\/v2\/pages\/157"}],"collection":[{"href":"https:\/\/ugt.saske.sk\/en\/wp-json\/wp\/v2\/pages"}],"about":[{"href":"https:\/\/ugt.saske.sk\/en\/wp-json\/wp\/v2\/types\/page"}],"author":[{"embeddable":true,"href":"https:\/\/ugt.saske.sk\/en\/wp-json\/wp\/v2\/users\/1"}],"replies":[{"embeddable":true,"href":"https:\/\/ugt.saske.sk\/en\/wp-json\/wp\/v2\/comments?post=157"}],"version-history":[{"count":13,"href":"https:\/\/ugt.saske.sk\/en\/wp-json\/wp\/v2\/pages\/157\/revisions"}],"predecessor-version":[{"id":379,"href":"https:\/\/ugt.saske.sk\/en\/wp-json\/wp\/v2\/pages\/157\/revisions\/379"}],"up":[{"embeddable":true,"href":"https:\/\/ugt.saske.sk\/en\/wp-json\/wp\/v2\/pages\/32"}],"wp:attachment":[{"href":"https:\/\/ugt.saske.sk\/en\/wp-json\/wp\/v2\/media?parent=157"}],"curies":[{"name":"wp","href":"https:\/\/api.w.org\/{rel}","templated":true}]}}