{"id":159,"date":"2016-05-03T08:30:15","date_gmt":"2016-05-03T06:30:15","guid":{"rendered":"http:\/\/ugt.saske.sk\/en\/?page_id=159"},"modified":"2018-01-30T14:24:56","modified_gmt":"2018-01-30T13:24:56","slug":"central-laboratory","status":"publish","type":"page","link":"https:\/\/ugt.saske.sk\/en\/about-us\/structure\/departments\/central-laboratory\/","title":{"rendered":"Central Laboratory"},"content":{"rendered":"<p><b>Head of the laboratory:<\/b><a href=\"http:\/\/www.sav.sk\/index.php?lang=sk&amp;doc=user-org-user&amp;user_no=3428\"> RNDr. Danka Ge\u0161perov\u00e1<\/a><\/p>\n<p>&nbsp;<\/p>\n<p>Central Laboratory provides:<\/p>\n<ul>\n<li style=\"text-align: left;\">services, support, consulting and analysis for the research projects and commeriacial contracts,<\/li>\n<li style=\"text-align: left;\">chemical analysis of varios samples: raw materials, minerals, sediments, soils, solid wastes, waste waters, aerosols, etc.,<\/li>\n<li style=\"text-align: left;\">participates on the development of new analytical techniques and protocol.<\/li>\n<\/ul>\n<p>&nbsp;<\/p>\n<p><b>Pre-treatment<\/b><\/p>\n<ul>\n<li style=\"text-align: left;\">liberation and homogenization of samples,<\/li>\n<li style=\"text-align: left;\">drying,<\/li>\n<li style=\"text-align: left;\">digestion of samples in acidic or alkaline solvents,<\/li>\n<li style=\"text-align: left;\">sintering,<\/li>\n<li style=\"text-align: left;\">microvawe digestion.<\/li>\n<\/ul>\n<p><b>Analyses<\/b><\/p>\n<ul>\n<li style=\"text-align: left;\">volumetric analysis \u2013 titration (determination of sulphide sulfur, metalic Fe, Fe(II)),<\/li>\n<li style=\"text-align: left;\">gravimetric analysis \u2013 determination of total sulfur, SiO2,<\/li>\n<li style=\"text-align: left;\">elemental analysis &#8211; Ag, Au, As,Al,Ba, Bi,Ca, Cd, Co, Cr, Cu, Fe,K, Li, Mg, Mn, Mo,Na Ni, Pb, Sb, Sn,Ti, Zn using AAS ( F\/ETA) a\u00a0ICP \u2013 MS,<\/li>\n<li style=\"text-align: left;\">complete analyses of raw materials, soils matrices, sediments, solid wastes &#8211; SiO2, Al2O3, Fe2O3, CaO, MgO, TiO2, MnO, Na2O, K2O, H2O, loss of ignition, etc.,<\/li>\n<li style=\"text-align: left;\">analysis of aqueous solutions (waste waters, drinking waters, acid mine drainage, ground waters, surface waters, etc).<\/li>\n<\/ul>\n<p><b>Equipment<\/b><\/p>\n<ul>\n<li style=\"text-align: left;\">Atomic absorption spectrometer Varian,<\/li>\n<li style=\"text-align: left;\">Inductively coupled plasma &#8211; mass spectrometer ICP-MS Agilent 7700,<\/li>\n<li style=\"text-align: left;\">Microwave digestion system,<\/li>\n<li style=\"text-align: left;\">chemistry methods and infra-red spectroscopic analysis.<\/li>\n<\/ul>\n<p>&nbsp;<br \/>\n<b>STAFF LIST<\/b><\/p>\n<table class='list'>\n<tr class='list_header'>\n<td>Name \/ Position<\/td>\n<td>E-mail<\/td>\n<td>Phone<\/td>\n<\/tr>\n<tr>\n<td width='50%'><a class='bold' href='\/en\/staff\/basic-info\/?user_no=3428&#038;publication_author_id=0145479'>Ge\u0161perov\u00e1, Danka RNDr.<\/a><\/p>\n<div>Head of Central Laboratory \/ Research Associate<\/div>\n<\/td>\n<td width='35%'><a href='mailto:gesper@saske.sk'>gesper@saske.sk<\/a><\/td>\n<td width='15%'>+421 55 7922617<\/td>\n<\/tr>\n<tr>\n<td width='50%'><a class='bold' href='\/en\/staff\/basic-info\/?user_no=5160&#038;publication_author_id='>Mu\u013eov\u00e1, M\u00e1ria <\/a><\/p>\n<div>Technician<\/div>\n<\/td>\n<td width='35%'><a href='mailto:mulova@saske.sk'>mulova@saske.sk<\/a><\/td>\n<td width='15%'>+421 55 7922613<\/td>\n<\/tr>\n<tr>\n<td width='50%'><a class='bold' href='\/en\/staff\/basic-info\/?user_no=5167&#038;publication_author_id='>Szabov\u00e1, Zuzana Mgr.<\/a><\/p>\n<div>Technician<\/div>\n<\/td>\n<td width='35%'><a href='mailto:szabovaz@saske.sk'>szabovaz@saske.sk<\/a><\/td>\n<td width='15%'>+421 55 7922613<\/td>\n<\/tr>\n<\/table>\n","protected":false},"excerpt":{"rendered":"<p>Head of the laboratory: RNDr. Danka Ge\u0161perov\u00e1 &nbsp; Central Laboratory provides: services, support, consulting and analysis for the research projects and commeriacial contracts, chemical analysis&#8230;<span class=\"excerpt_more\"><a href=\"https:\/\/ugt.saske.sk\/en\/about-us\/structure\/departments\/central-laboratory\/\">\u010d\u00edta\u0165 \u010falej &raquo;<\/a><\/span><\/p>\n","protected":false},"author":1,"featured_media":0,"parent":32,"menu_order":60,"comment_status":"closed","ping_status":"closed","template":"","meta":{"_links_to":"","_links_to_target":""},"_links":{"self":[{"href":"https:\/\/ugt.saske.sk\/en\/wp-json\/wp\/v2\/pages\/159"}],"collection":[{"href":"https:\/\/ugt.saske.sk\/en\/wp-json\/wp\/v2\/pages"}],"about":[{"href":"https:\/\/ugt.saske.sk\/en\/wp-json\/wp\/v2\/types\/page"}],"author":[{"embeddable":true,"href":"https:\/\/ugt.saske.sk\/en\/wp-json\/wp\/v2\/users\/1"}],"replies":[{"embeddable":true,"href":"https:\/\/ugt.saske.sk\/en\/wp-json\/wp\/v2\/comments?post=159"}],"version-history":[{"count":10,"href":"https:\/\/ugt.saske.sk\/en\/wp-json\/wp\/v2\/pages\/159\/revisions"}],"predecessor-version":[{"id":431,"href":"https:\/\/ugt.saske.sk\/en\/wp-json\/wp\/v2\/pages\/159\/revisions\/431"}],"up":[{"embeddable":true,"href":"https:\/\/ugt.saske.sk\/en\/wp-json\/wp\/v2\/pages\/32"}],"wp:attachment":[{"href":"https:\/\/ugt.saske.sk\/en\/wp-json\/wp\/v2\/media?parent=159"}],"curies":[{"name":"wp","href":"https:\/\/api.w.org\/{rel}","templated":true}]}}