{"id":161,"date":"2016-05-03T08:30:31","date_gmt":"2016-05-03T06:30:31","guid":{"rendered":"http:\/\/ugt.saske.sk\/en\/?page_id=161"},"modified":"2016-05-31T10:40:45","modified_gmt":"2016-05-31T08:40:45","slug":"service-department","status":"publish","type":"page","link":"https:\/\/ugt.saske.sk\/en\/about-us\/structure\/departments\/service-department\/","title":{"rendered":"Service Department"},"content":{"rendered":"<p><b>Head of the service department:<\/b><a href=\"http:\/\/ugt.saske.sk\/en\/staff\/basic-info\/?user_no=7434&#038;publication_author_id=\"> Peter Regitko<\/a><br \/>\n&nbsp;<\/p>\n<p>Service department provides:<\/p>\n<ul>\n<li style=\"text-align: left;\">maintenance and repair of general laboratory and office equipment,<\/li>\n<li style=\"text-align: left;\">production and maintenance of small experimental equipment such as lab reactors, adsorption columns, rotary shakers, sieving shakers, sample holders, sample collectors, magnetic separators, electrolytical cells, tools for hydrocyclone, flow-through systems and other tailor made devices designed in collaboration of researchers,<\/li>\n<li style=\"text-align: left;\">delivery and installation of gas cylinders.<\/li>\n<\/ul>\n<p>&nbsp;<br \/>\n<b>INFRASTRUCTURE<\/b><\/p>\n<ul>\n<li style=\"text-align: left;\">lathes (diameter: 450 mm, 320 mm, 100 mm),<\/li>\n<li style=\"text-align: left;\">drill press (diameter: 35 mm, 13 mm),<\/li>\n<li style=\"text-align: left;\">arc welder RTB 3,<\/li>\n<li style=\"text-align: left;\">metal sheet bender (length 1 m, thickness 2 mm),<\/li>\n<li style=\"text-align: left;\">roll benders (length 1 m, thickness 2 mm),<\/li>\n<li style=\"text-align: left;\">milling cutter (diameter: 45 mm, 32 mm),<\/li>\n<li style=\"text-align: left;\">metal sheet scissors.<\/li>\n<\/ul>\n<p>&nbsp;<br \/>\n<b>STAFF LIST<\/b><\/p>\n<table class='list'>\n<tr class='list_header'>\n<td>Name \/ Position<\/td>\n<td>E-mail<\/td>\n<td>Phone<\/td>\n<\/tr>\n<tr>\n<td width='50%'><a class='bold' href='\/en\/staff\/basic-info\/?user_no=8636&#038;publication_author_id='>Kr\u00fapa, Oliver <\/a><\/p>\n<div>Technician<\/div>\n<\/td>\n<td width='35%'><a href='mailto:okrupa@saske.sk'>okrupa@saske.sk<\/a><\/td>\n<td width='15%'>+421 55 7922651<\/td>\n<\/tr>\n<tr>\n<td width='50%'><a class='bold' href='\/en\/staff\/basic-info\/?user_no=12111&#038;publication_author_id='>Petr\u00edk, Vladim\u00edr <\/a><\/p>\n<div>Technician<\/div>\n<\/td>\n<td width='35%'><a href='mailto:'><\/a><\/td>\n<td width='15%'>+421 55 7922651<\/td>\n<\/tr>\n<\/table>\n","protected":false},"excerpt":{"rendered":"<p>Head of the service department: Peter Regitko &nbsp; Service department provides: maintenance and repair of general laboratory and office equipment, production and maintenance of small&#8230;<span class=\"excerpt_more\"><a href=\"https:\/\/ugt.saske.sk\/en\/about-us\/structure\/departments\/service-department\/\">\u010d\u00edta\u0165 \u010falej &raquo;<\/a><\/span><\/p>\n","protected":false},"author":1,"featured_media":0,"parent":32,"menu_order":70,"comment_status":"closed","ping_status":"closed","template":"","meta":{"_links_to":"","_links_to_target":""},"_links":{"self":[{"href":"https:\/\/ugt.saske.sk\/en\/wp-json\/wp\/v2\/pages\/161"}],"collection":[{"href":"https:\/\/ugt.saske.sk\/en\/wp-json\/wp\/v2\/pages"}],"about":[{"href":"https:\/\/ugt.saske.sk\/en\/wp-json\/wp\/v2\/types\/page"}],"author":[{"embeddable":true,"href":"https:\/\/ugt.saske.sk\/en\/wp-json\/wp\/v2\/users\/1"}],"replies":[{"embeddable":true,"href":"https:\/\/ugt.saske.sk\/en\/wp-json\/wp\/v2\/comments?post=161"}],"version-history":[{"count":6,"href":"https:\/\/ugt.saske.sk\/en\/wp-json\/wp\/v2\/pages\/161\/revisions"}],"predecessor-version":[{"id":438,"href":"https:\/\/ugt.saske.sk\/en\/wp-json\/wp\/v2\/pages\/161\/revisions\/438"}],"up":[{"embeddable":true,"href":"https:\/\/ugt.saske.sk\/en\/wp-json\/wp\/v2\/pages\/32"}],"wp:attachment":[{"href":"https:\/\/ugt.saske.sk\/en\/wp-json\/wp\/v2\/media?parent=161"}],"curies":[{"name":"wp","href":"https:\/\/api.w.org\/{rel}","templated":true}]}}