{"id":22,"date":"2016-04-25T08:33:23","date_gmt":"2016-04-25T06:33:23","guid":{"rendered":"http:\/\/ugt.saske.sk\/en\/?page_id=22"},"modified":"2016-05-30T11:36:41","modified_gmt":"2016-05-30T09:36:41","slug":"mission","status":"publish","type":"page","link":"https:\/\/ugt.saske.sk\/en\/about-us\/mission\/","title":{"rendered":"Mission"},"content":{"rendered":"<p>According to the Institutional deed (The resolution of Presidium of the Slovak Academy of Sciences) the Institute of Geotechnics of Slovak Academy of Sciences is a scientific organization with a contributory economy form.<\/p>\n<p>The date of foundation: November 22, 1954.<\/p>\n<p>Subjects of activity:<\/p>\n<ol>\n<li>basic research of processes in the field of rock cutting, rock mechanics\u00a0and underground constructions, the transport of energy and mass in the rock disintegration processes; basic research of solid dispersions origin patterns and their properties modifications by physical, mechanical, chemical and biotechnological processes; qualitative and quantitative evaluation of phase interactions at the disperse systems origin and at their spreading in working and living environment,<\/li>\n<li>application of theoretical knowledge from presented areas for detailing the top technologies principles in the following fields: rock cutting, mineral processing, monitoring of selected components of working and living environment, monitoring of environmental, chemical and geological changes in the waste repositories with the aim of ecological remediation,<\/li>\n<li>advisory and expertise services related to main activities,<\/li>\n<li>scientific education in terms of generally valid legislation,<\/li>\n<li>publication of the scientific-research activities using the periodic and non-periodic press. The publishing of periodic and non-periodic press follows the regulations of the SAS Presidium.<\/li>\n<\/ol>\n<p>The institute has a dominant position in Slovak Republic within the basic and applied research in the area of rock cutitng, mineral processing, mechanochemistry, mineral biotechnologies and environmental protection.<\/p>\n","protected":false},"excerpt":{"rendered":"<p>According to the Institutional deed (The resolution of Presidium of the Slovak Academy of Sciences) the Institute of Geotechnics of Slovak Academy of Sciences is&#8230;<span class=\"excerpt_more\"><a href=\"https:\/\/ugt.saske.sk\/en\/about-us\/mission\/\">\u010d\u00edta\u0165 \u010falej &raquo;<\/a><\/span><\/p>\n","protected":false},"author":1,"featured_media":0,"parent":20,"menu_order":0,"comment_status":"closed","ping_status":"closed","template":"","meta":{"_links_to":"","_links_to_target":""},"_links":{"self":[{"href":"https:\/\/ugt.saske.sk\/en\/wp-json\/wp\/v2\/pages\/22"}],"collection":[{"href":"https:\/\/ugt.saske.sk\/en\/wp-json\/wp\/v2\/pages"}],"about":[{"href":"https:\/\/ugt.saske.sk\/en\/wp-json\/wp\/v2\/types\/page"}],"author":[{"embeddable":true,"href":"https:\/\/ugt.saske.sk\/en\/wp-json\/wp\/v2\/users\/1"}],"replies":[{"embeddable":true,"href":"https:\/\/ugt.saske.sk\/en\/wp-json\/wp\/v2\/comments?post=22"}],"version-history":[{"count":5,"href":"https:\/\/ugt.saske.sk\/en\/wp-json\/wp\/v2\/pages\/22\/revisions"}],"predecessor-version":[{"id":430,"href":"https:\/\/ugt.saske.sk\/en\/wp-json\/wp\/v2\/pages\/22\/revisions\/430"}],"up":[{"embeddable":true,"href":"https:\/\/ugt.saske.sk\/en\/wp-json\/wp\/v2\/pages\/20"}],"wp:attachment":[{"href":"https:\/\/ugt.saske.sk\/en\/wp-json\/wp\/v2\/media?parent=22"}],"curies":[{"name":"wp","href":"https:\/\/api.w.org\/{rel}","templated":true}]}}