{"id":28,"date":"2016-04-25T08:33:55","date_gmt":"2016-04-25T06:33:55","guid":{"rendered":"http:\/\/ugt.saske.sk\/en\/?page_id=28"},"modified":"2022-07-13T15:48:14","modified_gmt":"2022-07-13T13:48:14","slug":"management","status":"publish","type":"page","link":"https:\/\/ugt.saske.sk\/en\/about-us\/structure\/management\/","title":{"rendered":"Management"},"content":{"rendered":"<p>The management of the Institute of Geotechnics SAS runs the administrative and finance matters and carries out the tasks necessary for undisturbed operation of research activities.\u00a0The <b><a href=\"https:\/\/ugt.saske.sk\/en\/staff\/basic-info\/?user_no=4790&#038;publication_author_id=0145481\">director<\/a><\/b> has two deputy directors:\u00a0the\u00a0<b><a href=\"https:\/\/ugt.saske.sk\/en\/staff\/basic-info\/?user_no=3226&#038;publication_author_id=0145482\">deputy director<\/a><\/b> for\u00a0management and economical activities, and the <b><a href=\"https:\/\/ugt.saske.sk\/en\/staff\/basic-info\/?user_no=5706&#038;publication_author_id=0145474\">scientific secretary<\/a><\/b> for scientific activities.<br \/>\n&nbsp;<\/p>\n<p><b>Director of the Institute of Geotechnics SAS:\u00a0<a href=\"https:\/\/ugt.saske.sk\/en\/staff\/basic-info\/?user_no=4790&#038;publication_author_id=0145481\">Ing. Slavom\u00edr Hredz\u00e1k, PhD.<\/a><\/b> <\/p>\n<p><b>Deputy Director: <a href=\"https:\/\/ugt.saske.sk\/en\/staff\/basic-info\/?user_no=3226&#038;publication_author_id=0145482\">Ing. Lucia Ivani\u010dov\u00e1, PhD.<\/a><\/b> <\/p>\n<p><b>Scientific\u00a0Secretary: <a href=\"https:\/\/ugt.saske.sk\/en\/staff\/basic-info\/?user_no=5706&#038;publication_author_id=0145474\">RNDr. Silvia Dolinsk\u00e1, PhD.<\/a><\/b> <\/p>\n<p>&nbsp;<br \/>\nThe flow of scientific and management information to the department levels is performed by the Institute Council where all the departments are represented by their\u00a0heads, research teams leaders and commercial treaties managers.<\/p>\n<p>The scientific information is provided by <b><a href=\"http:\/\/ugt.saske.sk\/en\/about-us\/structure\/scientific-board\/\">Scientific Board<\/a><\/b>.<\/p>\n","protected":false},"excerpt":{"rendered":"<p>The management of the Institute of Geotechnics SAS runs the administrative and finance matters and carries out the tasks necessary for undisturbed operation of research&#8230;<span class=\"excerpt_more\"><a href=\"https:\/\/ugt.saske.sk\/en\/about-us\/structure\/management\/\">\u010d\u00edta\u0165 \u010falej &raquo;<\/a><\/span><\/p>\n","protected":false},"author":1,"featured_media":0,"parent":26,"menu_order":0,"comment_status":"closed","ping_status":"closed","template":"","meta":{"_links_to":"","_links_to_target":""},"_links":{"self":[{"href":"https:\/\/ugt.saske.sk\/en\/wp-json\/wp\/v2\/pages\/28"}],"collection":[{"href":"https:\/\/ugt.saske.sk\/en\/wp-json\/wp\/v2\/pages"}],"about":[{"href":"https:\/\/ugt.saske.sk\/en\/wp-json\/wp\/v2\/types\/page"}],"author":[{"embeddable":true,"href":"https:\/\/ugt.saske.sk\/en\/wp-json\/wp\/v2\/users\/1"}],"replies":[{"embeddable":true,"href":"https:\/\/ugt.saske.sk\/en\/wp-json\/wp\/v2\/comments?post=28"}],"version-history":[{"count":10,"href":"https:\/\/ugt.saske.sk\/en\/wp-json\/wp\/v2\/pages\/28\/revisions"}],"predecessor-version":[{"id":709,"href":"https:\/\/ugt.saske.sk\/en\/wp-json\/wp\/v2\/pages\/28\/revisions\/709"}],"up":[{"embeddable":true,"href":"https:\/\/ugt.saske.sk\/en\/wp-json\/wp\/v2\/pages\/26"}],"wp:attachment":[{"href":"https:\/\/ugt.saske.sk\/en\/wp-json\/wp\/v2\/media?parent=28"}],"curies":[{"name":"wp","href":"https:\/\/api.w.org\/{rel}","templated":true}]}}