{"id":30,"date":"2016-04-25T08:34:08","date_gmt":"2016-04-25T06:34:08","guid":{"rendered":"http:\/\/ugt.saske.sk\/en\/?page_id=30"},"modified":"2023-03-31T08:15:05","modified_gmt":"2023-03-31T06:15:05","slug":"scientific-board","status":"publish","type":"page","link":"https:\/\/ugt.saske.sk\/en\/about-us\/structure\/scientific-board\/","title":{"rendered":"Scientific Board"},"content":{"rendered":"<blockquote><p><b>Scientific Board Members:<\/b><\/p><\/blockquote>\n<p><a href=\"http:\/\/ugt.saske.sk\/en\/staff\/basic-info\/?user_no=4798&amp;publication_author_id=0145608\">Ing. Alena Lupt\u00e1kov\u00e1, PhD.<\/a> &#8211; Chair<br \/>\n<a href=\"http:\/\/ugt.saske.sk\/en\/staff\/basic-info\/?user_no=5706&amp;publication_author_id=0145474\">RNDr. Silvia Dolinsk\u00e1, PhD.<\/a> &#8211; Secretary<br \/>\n<a href=\"http:\/\/www.sav.sk\/index.php?lang=en&amp;doc=user-org-user&amp;user_no=4550\">Mgr. Marcela Achimovi\u010dov\u00e1, PhD.<\/a><br \/>\n<a href=\"http:\/\/www.sav.sk\/index.php?lang=en&amp;doc=user-org-user&amp;user_no=5708\">RNDr. Martin Fabi\u00e1n, PhD.<\/a><br \/>\n<a href=\"http:\/\/www.sav.sk\/index.php?lang=en&amp;doc=user-org-user&amp;user_no=4439\">Ing. Milan Laba\u0161, PhD.<\/a><br \/>\n<a href=\"http:\/\/www.sav.sk\/index.php?lang=en&amp;doc=user-org-user&amp;user_no=44441\">Ing. Edita Lazarov\u00e1, PhD.<\/a><br \/>\n<a href=\"http:\/\/www.sav.sk\/index.php?lang=en&amp;doc=user-org-user&amp;user_no=10429\">Dr. Inna Melnyk <\/a><br \/>\n<a href=\"http:\/\/ugt.saske.sk\/en\/staff\/basic-info\/?user_no=3225&amp;publication_author_id=0145622\">Ing. Miroslava V\u00e1clav\u00edkov\u00e1, PhD.<\/a><br \/>\n<b>External Members of Scientific Board:<\/b><\/p>\n<p>prof. RNDr. Adriana E\u0161tokov\u00e1, PhD. (Faculty of Civil Engineering, Technical University of Ko\u0161ice)<br \/>\nprof. Ing. Juraj Jano\u010dko, CSc., Dr.scient (Faculty of Mining, Ecology, Process Control and Geotechnologies, Technical University of Ko\u0161ice)<br \/>\ndoc. RNDr. \u013dubom\u00edr Pikna, PhD. (Faculty of Materials, Metallurgy and Recycling, Technical University of Ko\u0161ice)<br \/>\nprof. RNDr. Vladim\u00edr Zele\u0148\u00e1k, DrSc. (Faculty of Science, Pavol Jozef \u0160af\u00e1rik University, Ko\u0161ice)<\/p>\n<h3>International Advisory Board of Institute of Geotechnics SAS<\/h3>\n<p>prof. Ing. Vladim\u00edr \u010cabl\u00edk, PhD.<br \/>\nMineral Processing<br \/>\nFaculty of Mining and Geology, VSB \u2013 Technical University of Ostrava, CZ<\/p>\n<p>Prof. Andy Cundy<br \/>\nGeochemistry, Applied Geochemistry, Environmental Radioactivity<br \/>\nOcean and Earth Science National Oceanography Centre Southampton, University of Southampton, UK<\/p>\n<p>Prof. Sergey Mikhalovsky<br \/>\nPhysical Chemistry, Chemical Kinetics and Catalysis, Chemistry<br \/>\nAdvanced NAnostuctured MAterials Design and Consultancy Ltd. \u2013 ANAMAD Ltd., Brighton, UK<\/p>\n<p>Dr. Stefano Ubaldini,<br \/>\nHydrometallurgy, Bio-Hydrometallurgy<br \/>\nInstitute of Environmental Geology and Geoengineering of the Italian National Research Council (IGAG-CNR), Roma, ITA<\/p>\n<p>Dr. Yishan Zheng<br \/>\nBiomaterials<br \/>\nNHS Blood and Transplant, Leeds, UK.<\/p>\n","protected":false},"excerpt":{"rendered":"<p>Scientific Board Members: Ing. Alena Lupt\u00e1kov\u00e1, PhD. &#8211; Chair RNDr. Silvia Dolinsk\u00e1, PhD. &#8211; Secretary Mgr. Marcela Achimovi\u010dov\u00e1, PhD. RNDr. Martin Fabi\u00e1n, PhD. Ing. Milan&#8230;<span class=\"excerpt_more\"><a href=\"https:\/\/ugt.saske.sk\/en\/about-us\/structure\/scientific-board\/\">\u010d\u00edta\u0165 \u010falej &raquo;<\/a><\/span><\/p>\n","protected":false},"author":1,"featured_media":0,"parent":26,"menu_order":0,"comment_status":"closed","ping_status":"closed","template":"","meta":{"_links_to":"","_links_to_target":""},"_links":{"self":[{"href":"https:\/\/ugt.saske.sk\/en\/wp-json\/wp\/v2\/pages\/30"}],"collection":[{"href":"https:\/\/ugt.saske.sk\/en\/wp-json\/wp\/v2\/pages"}],"about":[{"href":"https:\/\/ugt.saske.sk\/en\/wp-json\/wp\/v2\/types\/page"}],"author":[{"embeddable":true,"href":"https:\/\/ugt.saske.sk\/en\/wp-json\/wp\/v2\/users\/1"}],"replies":[{"embeddable":true,"href":"https:\/\/ugt.saske.sk\/en\/wp-json\/wp\/v2\/comments?post=30"}],"version-history":[{"count":16,"href":"https:\/\/ugt.saske.sk\/en\/wp-json\/wp\/v2\/pages\/30\/revisions"}],"predecessor-version":[{"id":733,"href":"https:\/\/ugt.saske.sk\/en\/wp-json\/wp\/v2\/pages\/30\/revisions\/733"}],"up":[{"embeddable":true,"href":"https:\/\/ugt.saske.sk\/en\/wp-json\/wp\/v2\/pages\/26"}],"wp:attachment":[{"href":"https:\/\/ugt.saske.sk\/en\/wp-json\/wp\/v2\/media?parent=30"}],"curies":[{"name":"wp","href":"https:\/\/api.w.org\/{rel}","templated":true}]}}