{"id":32,"date":"2016-04-25T08:34:18","date_gmt":"2016-04-25T06:34:18","guid":{"rendered":"http:\/\/ugt.saske.sk\/en\/?page_id=32"},"modified":"2016-05-25T11:20:09","modified_gmt":"2016-05-25T09:20:09","slug":"departments","status":"publish","type":"page","link":"https:\/\/ugt.saske.sk\/en\/about-us\/structure\/departments\/","title":{"rendered":"Departments"},"content":{"rendered":"<p style=\"text-align: left;\">The Institute of Geotechnics SAS is divided\u00a0into five research departments, one central laboratory and a service department supporting the research performed by the scientific departments:<\/p>\n<p>&nbsp;<\/p>\n<p><b>SCIENTIFIC DEPARTMENTS<\/b><\/p>\n<ul>\n<li style=\"text-align: left;\"><b><a href=\"http:\/\/ugt.saske.sk\/en\/about-us\/structure\/departments\/department-of-destructional-and-constructional-geotechnics\/\">Department of Destructional and Constructional Geotechnics<\/a><\/b><\/li>\n<li style=\"text-align: left;\"><b><a href=\"http:\/\/ugt.saske.sk\/en\/about-us\/structure\/departments\/department-of-physical-and-physico-chemical-methods-of-mineral-processing\/\">Department of Physical and Physico-Chemical Mineral Processing Methods<\/a><\/b><\/li>\n<li style=\"text-align: left;\"><b><a href=\"http:\/\/ugt.saske.sk\/en\/about-us\/structure\/departments\/department-of-mechanochemistry\/\">Department of Mechanochemistry<\/a><\/b><\/li>\n<li style=\"text-align: left;\"><b><a href=\"http:\/\/ugt.saske.sk\/en\/about-us\/structure\/departments\/department-of-mineral-biotechnologies\/\">Department of Mineral Biotechnologies<\/a><\/b><\/li>\n<li style=\"text-align: left;\"><b><a href=\"http:\/\/ugt.saske.sk\/en\/about-us\/structure\/departments\/department-of-environment-and-hygiene-in-mining\/\">Department of Environment and Hygiene in Mining<\/a><\/b><\/li>\n<\/ul>\n<p>&nbsp;<\/p>\n<p><b>SUPPORTING DEPARTMENTS<\/b><\/p>\n<ul>\n<li style=\"text-align: left;\"><b><a href=\"http:\/\/ugt.saske.sk\/en\/about-us\/structure\/departments\/central-laboratory\/\">Central Laboratory<\/a><\/b><\/li>\n<li style=\"text-align: left;\"><b><a href=\"http:\/\/ugt.saske.sk\/en\/about-us\/structure\/departments\/service-department\/\">Service Department<\/a><\/b><\/li>\n<\/ul>\n<p>&nbsp;<\/p>\n","protected":false},"excerpt":{"rendered":"<p>The Institute of Geotechnics SAS is divided\u00a0into five research departments, one central laboratory and a service department supporting the research performed by the scientific departments:&#8230;<span class=\"excerpt_more\"><a href=\"https:\/\/ugt.saske.sk\/en\/about-us\/structure\/departments\/\">\u010d\u00edta\u0165 \u010falej &raquo;<\/a><\/span><\/p>\n","protected":false},"author":1,"featured_media":0,"parent":26,"menu_order":0,"comment_status":"closed","ping_status":"closed","template":"","meta":{"_links_to":"","_links_to_target":""},"_links":{"self":[{"href":"https:\/\/ugt.saske.sk\/en\/wp-json\/wp\/v2\/pages\/32"}],"collection":[{"href":"https:\/\/ugt.saske.sk\/en\/wp-json\/wp\/v2\/pages"}],"about":[{"href":"https:\/\/ugt.saske.sk\/en\/wp-json\/wp\/v2\/types\/page"}],"author":[{"embeddable":true,"href":"https:\/\/ugt.saske.sk\/en\/wp-json\/wp\/v2\/users\/1"}],"replies":[{"embeddable":true,"href":"https:\/\/ugt.saske.sk\/en\/wp-json\/wp\/v2\/comments?post=32"}],"version-history":[{"count":7,"href":"https:\/\/ugt.saske.sk\/en\/wp-json\/wp\/v2\/pages\/32\/revisions"}],"predecessor-version":[{"id":387,"href":"https:\/\/ugt.saske.sk\/en\/wp-json\/wp\/v2\/pages\/32\/revisions\/387"}],"up":[{"embeddable":true,"href":"https:\/\/ugt.saske.sk\/en\/wp-json\/wp\/v2\/pages\/26"}],"wp:attachment":[{"href":"https:\/\/ugt.saske.sk\/en\/wp-json\/wp\/v2\/media?parent=32"}],"curies":[{"name":"wp","href":"https:\/\/api.w.org\/{rel}","templated":true}]}}