{"id":36,"date":"2016-04-25T08:34:37","date_gmt":"2016-04-25T06:34:37","guid":{"rendered":"http:\/\/ugt.saske.sk\/en\/?page_id=36"},"modified":"2016-05-03T09:55:11","modified_gmt":"2016-05-03T07:55:11","slug":"staff-list","status":"publish","type":"page","link":"https:\/\/ugt.saske.sk\/en\/about-us\/structure\/staff-list\/","title":{"rendered":"Staff List"},"content":{"rendered":"<table class='list'>\n<tr class='list_header'>\n<td>Name \/ Position<\/td>\n<td>E-mail<\/td>\n<td>Phone<\/td>\n<\/tr>\n<tr>\n<td width='50%'><a class='bold' href='\/en\/staff\/basic-info\/?user_no=4550&#038;publication_author_id=0145351'>Achimovi\u010dov\u00e1, Marcela Mgr., PhD.<\/a><\/p>\n<div>Head of Department of Mechanochemistry \/ Leading Scientist<\/div>\n<\/td>\n<td width='35%'><a href='mailto:achimovic@saske.sk'>achimovic@saske.sk<\/a><\/td>\n<td width='15%'>+421 55 7922607<\/td>\n<\/tr>\n<tr>\n<td width='50%'><a class='bold' href='\/en\/staff\/basic-info\/?user_no=8905&#038;publication_author_id=0170743'>Bal\u00e1\u017e, Matej RNDr., DrSc.<\/a><\/p>\n<div>leading researcher, scientific board member<\/div>\n<\/td>\n<td width='35%'><a href='mailto:balazm@saske.sk'>balazm@saske.sk<\/a><\/td>\n<td width='15%'>+421 55 7922603<\/td>\n<\/tr>\n<tr>\n<td width='50%'><a class='bold' href='\/en\/staff\/basic-info\/?user_no=3437&#038;publication_author_id=0142918'>Bal\u00e1\u017e, Peter Dr.h.c. prof. RNDr., DrSc.<\/a><\/p>\n<div>Principal Researcher<\/div>\n<\/td>\n<td width='35%'><a href='mailto:balaz@saske.sk'>balaz@saske.sk<\/a><\/td>\n<td width='15%'>+421 55 7922603<\/td>\n<\/tr>\n<tr>\n<td width='50%'><a class='bold' href='\/en\/staff\/basic-info\/?user_no=9395&#038;publication_author_id=0182767'>Bali Hud\u00e1kov\u00e1, M\u00e1ria Ing., PhD.<\/a><\/p>\n<div>Senior Scientist<\/div>\n<\/td>\n<td width='35%'><a href='mailto:krulakova@saske.sk'>krulakova@saske.sk<\/a><\/td>\n<td width='15%'>+421 55 7922639<\/td>\n<\/tr>\n<tr>\n<td width='50%'><a class='bold' href='\/en\/staff\/basic-info\/?user_no=10566&#038;publication_author_id=0197686'>B\u00e1rtov\u00e1, Zuzana Mgr. , PhD.<\/a><\/p>\n<div>Research Fellow<\/div>\n<\/td>\n<td width='35%'><a href='mailto:bartova@saske.sk'>bartova@saske.sk<\/a><\/td>\n<td width='15%'>+421 55 7922624<\/td>\n<\/tr>\n<tr>\n<td width='50%'><a class='bold' href='\/en\/staff\/basic-info\/?user_no=5705&#038;publication_author_id=0145473'>Brian\u010din, Jaroslav prof. RNDr., CSc.<\/a><\/p>\n<div>Senior Researcher<\/div>\n<\/td>\n<td width='35%'><a href='mailto:briancin@saske.sk'>briancin@saske.sk<\/a><\/td>\n<td width='15%'>+421 55 7922608<\/td>\n<\/tr>\n<tr>\n<td width='50%'><a class='bold' href='\/en\/staff\/basic-info\/?user_no=3432&#038;publication_author_id=0152834'>Bugnov\u00e1, M\u00e1ria <\/a><\/p>\n<div>PhD study officer, ELVYS Admin<\/div>\n<\/td>\n<td width='35%'><a href='mailto:bugnova@saske.sk'>bugnova@saske.sk<\/a><\/td>\n<td width='15%'>+421 55 7922657<\/td>\n<\/tr>\n<tr>\n<td width='50%'><a class='bold' href='\/en\/staff\/basic-info\/?user_no=14912&#038;publication_author_id='>\u010ci\u010d\u00e1kov\u00e1, Claudia Mgr., PhD. <\/a><\/p>\n<div>research fellow<\/div>\n<\/td>\n<td width='35%'><a href='mailto:cicakova@saske.sk'>cicakova@saske.sk<\/a><\/td>\n<td width='15%'><\/td>\n<\/tr>\n<tr>\n<td width='50%'><a class='bold' href='\/en\/staff\/basic-info\/?user_no=14282&#038;publication_author_id='>Dem\u010d\u00e1k, \u0160tefan Ing. , PhD.<\/a><\/p>\n<div>Research Fellow<\/div>\n<\/td>\n<td width='35%'><a href='mailto:'><\/a><\/td>\n<td width='15%'>+421 55 7922622<\/td>\n<\/tr>\n<tr>\n<td width='50%'><a class='bold' href='\/en\/staff\/basic-info\/?user_no=5706&#038;publication_author_id=0145474'>Dolinsk\u00e1, Silvia RNDr., PhD.<\/a><\/p>\n<div>Scientific Secretary \/ Secretary of Scientific Board \/ Senior Researcher<\/div>\n<\/td>\n<td width='35%'><a href='mailto:sdolinska@saske.sk'>sdolinska@saske.sk<\/a><\/td>\n<td width='15%'>+421 55 7922619<\/td>\n<\/tr>\n<tr>\n<td width='50%'><a class='bold' href='\/en\/staff\/basic-info\/?user_no=13269&#038;publication_author_id=0235351'>Dren\u010dakov\u00e1, D\u00e1\u0161a Mgr.<\/a><\/p>\n<div>PhD Student<\/div>\n<\/td>\n<td width='35%'><a href='mailto:drencakova@saske.sk'>drencakova@saske.sk<\/a><\/td>\n<td width='15%'>+421 55 792 2621<\/td>\n<\/tr>\n<tr>\n<td width='50%'><a class='bold' href='\/en\/staff\/basic-info\/?user_no=3427&#038;publication_author_id=0145475'>Dutkov\u00e1, Erika RNDr., PhD.<\/a><\/p>\n<div>Senior Researcher<\/div>\n<\/td>\n<td width='35%'><a href='mailto:dutkova@saske.sk'>dutkova@saske.sk<\/a><\/td>\n<td width='15%'>+421 55 7922606<\/td>\n<\/tr>\n<tr>\n<td width='50%'><a class='bold' href='\/en\/staff\/basic-info\/?user_no=5708&#038;publication_author_id=0145476'>Fabi\u00e1n, Martin RNDr., PhD.<\/a><\/p>\n<div>Senior Researcher \/ Member of Scientific Board<\/div>\n<\/td>\n<td width='35%'><a href='mailto:fabianm@saske.sk'>fabianm@saske.sk<\/a><\/td>\n<td width='15%'>+421 55 7922608<\/td>\n<\/tr>\n<tr>\n<td width='50%'><a class='bold' href='\/en\/staff\/basic-info\/?user_no=14913&#038;publication_author_id='>Feni\u010dinov\u00e1, Marianna <\/a><\/p>\n<div>technician<\/div>\n<\/td>\n<td width='35%'><a href='mailto:fenicinova@saske.sk'>fenicinova@saske.sk<\/a><\/td>\n<td width='15%'><\/td>\n<\/tr>\n<tr>\n<td width='50%'><a class='bold' href='\/en\/staff\/basic-info\/?user_no=3430&#038;publication_author_id=0003199'>Ficeriov\u00e1, Jana Ing., PhD.<\/a><\/p>\n<div>Senior Researcher<\/div>\n<\/td>\n<td width='35%'><a href='mailto:ficeri@saske.sk'>ficeri@saske.sk<\/a><\/td>\n<td width='15%'>+421 55 7922606<\/td>\n<\/tr>\n<tr>\n<td width='50%'><a class='bold' href='\/en\/staff\/basic-info\/?user_no=8609&#038;publication_author_id=0175546'>Findor\u00e1kov\u00e1, Lenka RNDr., PhD.<\/a><\/p>\n<div>Senior Researcher<\/div>\n<\/td>\n<td width='35%'><a href='mailto:findorakova@saske.sk'>findorakova@saske.sk<\/a><\/td>\n<td width='15%'>+421 55 7922618<\/td>\n<\/tr>\n<tr>\n<td width='50%'><a class='bold' href='\/en\/staff\/basic-info\/?user_no=12852&#038;publication_author_id=0231044'>G\u00e1llov\u00e1, Petra Mgr.<\/a><\/p>\n<div>PhD Student<\/div>\n<\/td>\n<td width='35%'><a href='mailto:cervenakova@saske.sk'>cervenakova@saske.sk<\/a><\/td>\n<td width='15%'>+421 55 792 2658<\/td>\n<\/tr>\n<tr>\n<td width='50%'><a class='bold' href='\/en\/staff\/basic-info\/?user_no=3428&#038;publication_author_id=0145479'>Ge\u0161perov\u00e1, Danka RNDr.<\/a><\/p>\n<div>Head of Central Laboratory \/ Research Associate<\/div>\n<\/td>\n<td width='35%'><a href='mailto:gesper@saske.sk'>gesper@saske.sk<\/a><\/td>\n<td width='15%'>+421 55 7922617<\/td>\n<\/tr>\n<tr>\n<td width='50%'><a class='bold' href='\/en\/staff\/basic-info\/?user_no=5152&#038;publication_author_id='>Gula\u0161ov\u00e1, Adriana <\/a><\/p>\n<div><\/div>\n<\/td>\n<td width='35%'><a href='mailto:gulasova@saske.sk'>gulasova@saske.sk<\/a><\/td>\n<td width='15%'>+421 55 7922638<\/td>\n<\/tr>\n<tr>\n<td width='50%'><a class='bold' href='\/en\/staff\/basic-info\/?user_no=9712&#038;publication_author_id=0192267'>Hagarov\u00e1, Lenka Mgr., PhD.<\/a><\/p>\n<div>Research Fellow<\/div>\n<\/td>\n<td width='35%'><a href='mailto:hagarova@saske.sk'>hagarova@saske.sk<\/a><\/td>\n<td width='15%'>+421 55 7922624<\/td>\n<\/tr>\n<tr>\n<td width='50%'><a class='bold' href='\/en\/staff\/basic-info\/?user_no=3426&#038;publication_author_id=0145480'>Han\u010du\u013e\u00e1k, Jozef Ing., PhD.<\/a><\/p>\n<div>Head of Department of Environment and Hygiene in Mining \/ Member of Assembly of SAS \/ Senior Researcher \/ Member of Management Board<\/div>\n<\/td>\n<td width='35%'><a href='mailto:hanculak@saske.sk'>hanculak@saske.sk<\/a><\/td>\n<td width='15%'>+421 55 7922609<\/td>\n<\/tr>\n<tr>\n<td width='50%'><a class='bold' href='\/en\/staff\/basic-info\/?user_no=4790&#038;publication_author_id=0145481'>Hredz\u00e1k, Slavom\u00edr Ing., PhD.<\/a><\/p>\n<div>Director \/ Senior Researcher \/ Head of the Department of Physical and Physico-chemical Methods of Mineral Processing<\/div>\n<\/td>\n<td width='35%'><a href='mailto:hredzak@saske.sk'>hredzak@saske.sk<\/a><\/td>\n<td width='15%'>+421 55 7922600<\/td>\n<\/tr>\n<tr>\n<td width='50%'><a class='bold' href='\/en\/staff\/basic-info\/?user_no=7630&#038;publication_author_id=0145619'>Hreus, Katar\u00edna Ing., PhD.<\/a><\/p>\n<div>Senior Researcher<\/div>\n<\/td>\n<td width='35%'><a href='mailto:hreus@saske.sk'>hreus@saske.sk<\/a><\/td>\n<td width='15%'>+421 55 7922649<\/td>\n<\/tr>\n<tr>\n<td width='50%'><a class='bold' href='\/en\/staff\/basic-info\/?user_no=7436&#038;publication_author_id=0168024'>Hroncov\u00e1, Jana Ing. , PhD.<\/a><\/p>\n<div>Senior Researcher<\/div>\n<\/td>\n<td width='35%'><a href='mailto:jencarova@saske.sk'>jencarova@saske.sk<\/a><\/td>\n<td width='15%'>+421 55 7922610<\/td>\n<\/tr>\n<tr>\n<td width='50%'><a class='bold' href='\/en\/staff\/basic-info\/?user_no=13358&#038;publication_author_id='>Chechitko, Nataliia Mgr.<\/a><\/p>\n<div>technician<\/div>\n<\/td>\n<td width='35%'><a href='mailto:chechitko@saske.sk'>chechitko@saske.sk<\/a><\/td>\n<td width='15%'><\/td>\n<\/tr>\n<tr>\n<td width='50%'><a class='bold' href='\/en\/staff\/basic-info\/?user_no=3226&#038;publication_author_id=0145482'>Ivani\u010dov\u00e1, Lucia Ing., PhD.<\/a><\/p>\n<div>Deputy Director, Senior Scientist, IT admin<\/div>\n<\/td>\n<td width='35%'><a href='mailto:ivanic@saske.sk'>ivanic@saske.sk<\/a><\/td>\n<td width='15%'>+421 55 7922602<\/td>\n<\/tr>\n<tr>\n<td width='50%'><a class='bold' href='\/en\/staff\/basic-info\/?user_no=9437&#038;publication_author_id=0183676'>J\u00e1ger, D\u00e1vid Mgr., PhD.<\/a><\/p>\n<div>Research Fellow<\/div>\n<\/td>\n<td width='35%'><a href='mailto:jager@saske.sk'>jager@saske.sk<\/a><\/td>\n<td width='15%'>+421 55 7922658<\/td>\n<\/tr>\n<tr>\n<td width='50%'><a class='bold' href='\/en\/staff\/basic-info\/?user_no=4437&#038;publication_author_id=0152835'>Juh\u00e1sov\u00e1, Vikt\u00f3ria <\/a><\/p>\n<div>Secretary<\/div>\n<\/td>\n<td width='35%'><a href='mailto:ugtsekr@saske.sk'>ugtsekr@saske.sk<\/a><\/td>\n<td width='15%'>+421 55 7922601<\/td>\n<\/tr>\n<tr>\n<td width='50%'><a class='bold' href='\/en\/staff\/basic-info\/?user_no=13486&#038;publication_author_id='>Kiovsk\u00fd, Alexander Ing.<\/a><\/p>\n<div>research associate<\/div>\n<\/td>\n<td width='35%'><a href='mailto:kiovsky@saske.sk'>kiovsky@saske.sk<\/a><\/td>\n<td width='15%'><\/td>\n<\/tr>\n<tr>\n<td width='50%'><a class='bold' href='\/en\/staff\/basic-info\/?user_no=14248&#038;publication_author_id='>Ko\u017e\u00e1rov\u00e1, Vikt\u00f3ria Ing.<\/a><\/p>\n<div>PhD. student<\/div>\n<\/td>\n<td width='35%'><a href='mailto:vkozarova@saske.sk'>vkozarova@saske.sk<\/a><\/td>\n<td width='15%'>055\/7922658<\/td>\n<\/tr>\n<tr>\n<td width='50%'><a class='bold' href='\/en\/staff\/basic-info\/?user_no=8636&#038;publication_author_id='>Kr\u00fapa, Oliver <\/a><\/p>\n<div>Technician<\/div>\n<\/td>\n<td width='35%'><a href='mailto:okrupa@saske.sk'>okrupa@saske.sk<\/a><\/td>\n<td width='15%'>+421 55 7922651<\/td>\n<\/tr>\n<tr>\n<td width='50%'><a class='bold' href='\/en\/staff\/basic-info\/?user_no=4436&#038;publication_author_id=0152833'>Kr\u00fapa, V\u00ed\u0165azoslav Ing., DrSc.<\/a><\/p>\n<div>Lead scientist<\/div>\n<\/td>\n<td width='35%'><a href='mailto:krupa@saske.sk'>krupa@saske.sk<\/a><\/td>\n<td width='15%'>+421 55 7922648<\/td>\n<\/tr>\n<tr>\n<td width='50%'><a class='bold' href='\/en\/staff\/basic-info\/?user_no=4795&#038;publication_author_id=0145489'>Kupka, Daniel MVDr., PhD.<\/a><\/p>\n<div>Head of Department of Mineral Biotechnologies \/ member of Management Board \/ Sennior Researcher<\/div>\n<\/td>\n<td width='35%'><a href='mailto:dankup@saske.sk'>dankup@saske.sk<\/a><\/td>\n<td width='15%'>+421 55 7922653<\/td>\n<\/tr>\n<tr>\n<td width='50%'><a class='bold' href='\/en\/staff\/basic-info\/?user_no=11880&#038;publication_author_id=0218553'>Kyshkarova, Viktoriia Mgr., PhD.<\/a><\/p>\n<div>Research Fellow<\/div>\n<\/td>\n<td width='35%'><a href='mailto:kyshkarova@saske.sk'>kyshkarova@saske.sk<\/a><\/td>\n<td width='15%'>+421 55 7922649<\/td>\n<\/tr>\n<tr>\n<td width='50%'><a class='bold' href='\/en\/staff\/basic-info\/?user_no=4441&#038;publication_author_id=0145605'>Lazarov\u00e1, Edita Ing., CSc.<\/a><\/p>\n<div> Head of the Department of Destructional and Constructional Geotechnics \/ Member of Scientific Board \/ Senior Researcher<\/div>\n<\/td>\n<td width='35%'><a href='mailto:lazarova@saske.sk'>lazarova@saske.sk<\/a><\/td>\n<td width='15%'>+421 55 7922642<\/td>\n<\/tr>\n<tr>\n<td width='50%'><a class='bold' href='\/en\/staff\/basic-info\/?user_no=7435&#038;publication_author_id=0162913'>Luk\u00e1\u010dov\u00e1 Buj\u0148\u00e1kov\u00e1, Zdenka Mgr., PhD.<\/a><\/p>\n<div> Senior Researcher, Scientific Board Member<\/div>\n<\/td>\n<td width='35%'><a href='mailto:bujnakova@saske.sk'>bujnakova@saske.sk<\/a><\/td>\n<td width='15%'>+421 55 7922606<\/td>\n<\/tr>\n<tr>\n<td width='50%'><a class='bold' href='\/en\/staff\/basic-info\/?user_no=5157&#038;publication_author_id=0144423'>Lul\u00e1kov\u00e1, Ivana <\/a><\/p>\n<div>Librarian \/ ARL Admin <\/div>\n<\/td>\n<td width='35%'><a href='mailto:lulakova@saske.sk'>lulakova@saske.sk<\/a><\/td>\n<td width='15%'>+421 55 7922656<\/td>\n<\/tr>\n<tr>\n<td width='50%'><a class='bold' href='\/en\/staff\/basic-info\/?user_no=4798&#038;publication_author_id=0145608'>Lupt\u00e1kov\u00e1, Alena Ing., PhD.<\/a><\/p>\n<div>Head of Scientific Board \/ Senior Scientist<\/div>\n<\/td>\n<td width='35%'><a href='mailto:luptakal@saske.sk'>luptakal@saske.sk<\/a><\/td>\n<td width='15%'>+421 55 7922622<\/td>\n<\/tr>\n<tr>\n<td width='50%'><a class='bold' href='\/en\/staff\/basic-info\/?user_no=7437&#038;publication_author_id=0167757'>Ma\u010dingov\u00e1, Eva RNDr., PhD.<\/a><\/p>\n<div>Senior Researcher <\/div>\n<\/td>\n<td width='35%'><a href='mailto:macingova@saske.sk'>macingova@saske.sk<\/a><\/td>\n<td width='15%'>+421 55 7922622<\/td>\n<\/tr>\n<tr>\n<td width='50%'><a class='bold' href='\/en\/staff\/basic-info\/?user_no=13526&#038;publication_author_id=0234622'>Makota, Oksana Prof. Dr., DrSc.<\/a><\/p>\n<div> Senior Researcher <\/div>\n<\/td>\n<td width='35%'><a href='mailto:makota@saske.sk'>makota@saske.sk<\/a><\/td>\n<td width='15%'>+421 55 792 2605<\/td>\n<\/tr>\n<tr>\n<td width='50%'><a class='bold' href='\/en\/staff\/basic-info\/?user_no=10160&#038;publication_author_id=0192209'>Marcin Behunov\u00e1, Dominika Ing., PhD.<\/a><\/p>\n<div>Senior Scientist<\/div>\n<\/td>\n<td width='35%'><a href='mailto:behunova@saske.sk'>behunova@saske.sk<\/a><\/td>\n<td width='15%'>+421 55 7922649<\/td>\n<\/tr>\n<tr>\n<td width='50%'><a class='bold' href='\/en\/staff\/basic-info\/?user_no=5159&#038;publication_author_id=0167758'>Matik, Marek RNDr., PhD.<\/a><\/p>\n<div>Senior Research Fellow<\/div>\n<\/td>\n<td width='35%'><a href='mailto:matik@saske.sk'>matik@saske.sk<\/a><\/td>\n<td width='15%'>+421 55 7922630<\/td>\n<\/tr>\n<tr>\n<td width='50%'><a class='bold' href='\/en\/staff\/basic-info\/?user_no=13460&#038;publication_author_id='>Matisov\u00e1, \u013dubica Ing.<\/a><\/p>\n<div>technician<\/div>\n<\/td>\n<td width='35%'><a href='mailto:'><\/a><\/td>\n<td width='15%'>055 7922613<\/td>\n<\/tr>\n<tr>\n<td width='50%'><a class='bold' href='\/en\/staff\/basic-info\/?user_no=10429&#038;publication_author_id=0197720'>Melnyk, Inna , PhD.<\/a><\/p>\n<div>Senior Scientist \/ Member of Scientific Board <\/div>\n<\/td>\n<td width='35%'><a href='mailto:melnyk@saske.sk'>melnyk@saske.sk<\/a><\/td>\n<td width='15%'>+421 55 7922612<\/td>\n<\/tr>\n<tr>\n<td width='50%'><a class='bold' href='\/en\/staff\/basic-info\/?user_no=14954&#038;publication_author_id='>Monirialamdari, Mohsen MSc.<\/a><\/p>\n<div>PHD. student<\/div>\n<\/td>\n<td width='35%'><a href='mailto:mohsen@saske.sk'>mohsen@saske.sk<\/a><\/td>\n<td width='15%'>055\/79222658<\/td>\n<\/tr>\n<tr>\n<td width='50%'><a class='bold' href='\/en\/staff\/basic-info\/?user_no=5160&#038;publication_author_id='>Mu\u013eov\u00e1, M\u00e1ria <\/a><\/p>\n<div>Technician<\/div>\n<\/td>\n<td width='35%'><a href='mailto:mulova@saske.sk'>mulova@saske.sk<\/a><\/td>\n<td width='15%'>+421 55 7922613<\/td>\n<\/tr>\n<tr>\n<td width='50%'><a class='bold' href='\/en\/staff\/basic-info\/?user_no=5161&#038;publication_author_id='>Nigutov\u00e1, Eva <\/a><\/p>\n<div>cleaning services<\/div>\n<\/td>\n<td width='35%'><a href='mailto:'><\/a><\/td>\n<td width='15%'>+421 55 7922638<\/td>\n<\/tr>\n<tr>\n<td width='50%'><a class='bold' href='\/en\/staff\/basic-info\/?user_no=8704&#038;publication_author_id='>Nos\u00e1\u013eov\u00e1, Miroslava Ing.<\/a><\/p>\n<div>project and financial manager <\/div>\n<\/td>\n<td width='35%'><a href='mailto:nosalova@saske.sk'>nosalova@saske.sk<\/a><\/td>\n<td width='15%'>+421 55 7922656<\/td>\n<\/tr>\n<tr>\n<td width='50%'><a class='bold' href='\/en\/staff\/basic-info\/?user_no=12111&#038;publication_author_id='>Petr\u00edk, Vladim\u00edr <\/a><\/p>\n<div>Technician<\/div>\n<\/td>\n<td width='35%'><a href='mailto:'><\/a><\/td>\n<td width='15%'>+421 55 7922651<\/td>\n<\/tr>\n<tr>\n<td width='50%'><a class='bold' href='\/en\/staff\/basic-info\/?user_no=12305&#038;publication_author_id=0230037'>Porodko, Olena Mgr., PhD.<\/a><\/p>\n<div>research fellow<\/div>\n<\/td>\n<td width='35%'><a href='mailto:porodko@saske.sk'>porodko@saske.sk<\/a><\/td>\n<td width='15%'>+421 55 7922610<\/td>\n<\/tr>\n<tr>\n<td width='50%'><a class='bold' href='\/en\/staff\/basic-info\/?user_no=13359&#038;publication_author_id=0236633'>Semeshko, Olha Mgr., PhD., DrSc.<\/a><\/p>\n<div>Senior Scientist<\/div>\n<\/td>\n<td width='35%'><a href='mailto:semeshko@saske.sk'>semeshko@saske.sk<\/a><\/td>\n<td width='15%'><\/td>\n<\/tr>\n<tr>\n<td width='50%'><a class='bold' href='\/en\/staff\/basic-info\/?user_no=13673&#038;publication_author_id=0240641'>Simanov\u00e1, Klaudia Mgr. <\/a><\/p>\n<div>PhD Student<\/div>\n<\/td>\n<td width='35%'><a href='mailto:simanova@saske.sk'>simanova@saske.sk<\/a><\/td>\n<td width='15%'>055\/7922649<\/td>\n<\/tr>\n<tr>\n<td width='50%'><a class='bold' href='\/en\/staff\/basic-info\/?user_no=5167&#038;publication_author_id='>Szabov\u00e1, Zuzana Mgr.<\/a><\/p>\n<div>Technician<\/div>\n<\/td>\n<td width='35%'><a href='mailto:szabovaz@saske.sk'>szabovaz@saske.sk<\/a><\/td>\n<td width='15%'>+421 55 7922613<\/td>\n<\/tr>\n<tr>\n<td width='50%'><a class='bold' href='\/en\/staff\/basic-info\/?user_no=4785&#038;publication_author_id=0146063'>\u0160epel\u00e1k, Vladim\u00edr prof. RNDr., DrSc.<\/a><\/p>\n<div>lead scientist<\/div>\n<\/td>\n<td width='35%'><a href='mailto:vlsep@saske.sk'>vlsep@saske.sk<\/a><\/td>\n<td width='15%'>+421 55 7922608<\/td>\n<\/tr>\n<tr>\n<td width='50%'><a class='bold' href='\/en\/staff\/basic-info\/?user_no=7629&#038;publication_author_id=0145616'>\u0160estinov\u00e1, O\u013ega Ing., PhD.<\/a><\/p>\n<div>Senior Researcher<\/div>\n<\/td>\n<td width='35%'><a href='mailto:sestinova@saske.sk'>sestinova@saske.sk<\/a><\/td>\n<td width='15%'>+421 55 7922618<\/td>\n<\/tr>\n<tr>\n<td width='50%'><a class='bold' href='\/en\/staff\/basic-info\/?user_no=13790&#038;publication_author_id='>Tampubolon, Imelda Octa , MSc.<\/a><\/p>\n<div><\/div>\n<\/td>\n<td width='35%'><a href='mailto:tampubolon@saske.sk'>tampubolon@saske.sk<\/a><\/td>\n<td width='15%'>055\/7922658<\/td>\n<\/tr>\n<tr>\n<td width='50%'><a class='bold' href='\/en\/staff\/basic-info\/?user_no=11218&#038;publication_author_id='>Topol\u010dansk\u00e1, Viera <\/a><\/p>\n<div><\/div>\n<\/td>\n<td width='35%'><a href='mailto:'><\/a><\/td>\n<td width='15%'>+421 55 7922116<\/td>\n<\/tr>\n<tr>\n<td width='50%'><a class='bold' href='\/en\/staff\/basic-info\/?user_no=5723&#038;publication_author_id=0167759'>T\u00f3thov\u00e1, Erika RNDr., PhD.<\/a><\/p>\n<div>Senior Researcher<\/div>\n<\/td>\n<td width='35%'><a href='mailto:etothova@saske.sk'>etothova@saske.sk<\/a><\/td>\n<td width='15%'>+421 55 7922607<\/td>\n<\/tr>\n<tr>\n<td width='50%'><a class='bold' href='\/en\/staff\/basic-info\/?user_no=3225&#038;publication_author_id=0145622'>V\u00e1clav\u00edkov\u00e1, Miroslava Ing., PhD.<\/a><\/p>\n<div>Leading Researcher<\/div>\n<\/td>\n<td width='35%'><a href='mailto:vaclavik@saske.sk'>vaclavik@saske.sk<\/a><\/td>\n<td width='15%'>+421 55 7922637<\/td>\n<\/tr>\n<tr>\n<td width='50%'><a class='bold' href='\/en\/staff\/basic-info\/?user_no=14281&#038;publication_author_id='>Vavrek, Pavol Ing., PhD. <\/a><\/p>\n<div>Research Fellow<\/div>\n<\/td>\n<td width='35%'><a href='mailto:vavrek@saske.sk'>vavrek@saske.sk<\/a><\/td>\n<td width='15%'>+421 55 7922642<\/td>\n<\/tr>\n<tr>\n<td width='50%'><a class='bold' href='\/en\/staff\/basic-info\/?user_no=7440&#038;publication_author_id=0167996'>Vere\u0161, J\u00e1n Ing., PhD.<\/a><\/p>\n<div>Research Fellow<\/div>\n<\/td>\n<td width='35%'><a href='mailto:veres@saske.sk'>veres@saske.sk<\/a><\/td>\n<td width='15%'>+421 55 7922649<\/td>\n<\/tr>\n<tr>\n<td width='50%'><a class='bold' href='\/en\/staff\/basic-info\/?user_no=5171&#038;publication_author_id=0145625'>Znamen\u00e1\u010dkov\u00e1, Ingrid Ing., PhD.<\/a><\/p>\n<div>Senior Researcher<\/div>\n<\/td>\n<td width='35%'><a href='mailto:znamenackova@saske.sk'>znamenackova@saske.sk<\/a><\/td>\n<td width='15%'>+421 55 7922619<\/td>\n<\/tr>\n<tr>\n<td width='50%'><a class='bold' href='\/en\/staff\/basic-info\/?user_no=5172&#038;publication_author_id=0145626'>Zubrik, Anton RNDr., PhD.<\/a><\/p>\n<div>Senior Researcher<\/div>\n<\/td>\n<td width='35%'><a href='mailto:zubant@saske.sk'>zubant@saske.sk<\/a><\/td>\n<td width='15%'>+421 55 7922630<\/td>\n<\/tr>\n<tr>\n<td width='50%'><a class='bold' href='\/en\/staff\/basic-info\/?user_no=5178&#038;publication_author_id=0169546'>\u017dakov\u00e1, Janette Ing.<\/a><\/p>\n<div>Technician<\/div>\n<\/td>\n<td width='35%'><a href='mailto:zakova@saske.sk'>zakova@saske.sk<\/a><\/td>\n<td width='15%'>+421 55 7922613<\/td>\n<\/tr>\n<\/table>\n","protected":false},"excerpt":{"rendered":"<p>Name \/ Position E-mail Phone Achimovi\u010dov\u00e1, Marcela Mgr., PhD. Head of Department of Mechanochemistry \/ Leading Scientist achimovic@saske.sk +421 55 7922607 Bal\u00e1\u017e, Matej RNDr., DrSc&#8230;.<span class=\"excerpt_more\"><a href=\"https:\/\/ugt.saske.sk\/en\/about-us\/structure\/staff-list\/\">\u010d\u00edta\u0165 \u010falej &raquo;<\/a><\/span><\/p>\n","protected":false},"author":1,"featured_media":0,"parent":26,"menu_order":0,"comment_status":"closed","ping_status":"closed","template":"","meta":{"_links_to":"","_links_to_target":""},"_links":{"self":[{"href":"https:\/\/ugt.saske.sk\/en\/wp-json\/wp\/v2\/pages\/36"}],"collection":[{"href":"https:\/\/ugt.saske.sk\/en\/wp-json\/wp\/v2\/pages"}],"about":[{"href":"https:\/\/ugt.saske.sk\/en\/wp-json\/wp\/v2\/types\/page"}],"author":[{"embeddable":true,"href":"https:\/\/ugt.saske.sk\/en\/wp-json\/wp\/v2\/users\/1"}],"replies":[{"embeddable":true,"href":"https:\/\/ugt.saske.sk\/en\/wp-json\/wp\/v2\/comments?post=36"}],"version-history":[{"count":3,"href":"https:\/\/ugt.saske.sk\/en\/wp-json\/wp\/v2\/pages\/36\/revisions"}],"predecessor-version":[{"id":206,"href":"https:\/\/ugt.saske.sk\/en\/wp-json\/wp\/v2\/pages\/36\/revisions\/206"}],"up":[{"embeddable":true,"href":"https:\/\/ugt.saske.sk\/en\/wp-json\/wp\/v2\/pages\/26"}],"wp:attachment":[{"href":"https:\/\/ugt.saske.sk\/en\/wp-json\/wp\/v2\/media?parent=36"}],"curies":[{"name":"wp","href":"https:\/\/api.w.org\/{rel}","templated":true}]}}