{"id":44,"date":"2016-04-25T08:35:15","date_gmt":"2016-04-25T06:35:15","guid":{"rendered":"http:\/\/ugt.saske.sk\/en\/?page_id=44"},"modified":"2025-09-29T08:54:29","modified_gmt":"2025-09-29T06:54:29","slug":"phd-study","status":"publish","type":"page","link":"https:\/\/ugt.saske.sk\/en\/research\/phd-study\/","title":{"rendered":"PhD Study"},"content":{"rendered":"<p>Institute of Geotechnics SAS is an external educational institution providing doctoral (PhD) study in study program <b>Extraction and Processing of Earth Resources <\/b>and in the study program\u00a0<b>Mechanical Engineering, specialization Material Science<\/b> in cooperation with the <a href=\"https:\/\/fmmr.tuke.sk\">Faculty of Materials, Metallurgy and Recycling at Technical University of Ko\u0161ice<\/a>.<\/p>\n<p>Graduates of master degree in engineering or natural science may apply for PhD study. The PhD study usually takes 4 years in full-time form (internal with scholarship) or 5 years in external form (no scholarship).<\/p>\n<p>&nbsp;<\/p>\n<h2><b>List of running PhD research<\/b><\/h2>\n<p><a href=\"http:\/\/www.sav.sk\/index.php?lang=en&amp;doc=user-org-user&amp;user_no=13269\">Mgr. D\u00e1\u0161a Dren\u010dakov\u00e1<\/a><br \/>\n<b>Synthesis and doping of selected transition metal selenides by high-energy milling for prospective thermoelectrics<\/b><br \/>\n(Supervisor: <a href=\"http:\/\/www.sav.sk\/index.php?lang=en&amp;doc=user-org-user&amp;user_no=4550\">Mgr. Marcela Achimovi\u010dov\u00e1, PhD.<\/a>)<\/p>\n<p><a href=\"http:\/\/www.sav.sk\/index.php?lang=en&amp;doc=user-org-user&amp;user_no=12852\">Mgr. Petra G\u00e1llov\u00e1<\/a><br \/>\n<b>Heavy Metals and Organic Pollutants in Particulate Matter and Atmospheric Deposition<\/b><br \/>\n(Supervisor: <a href=\"http:\/\/www.sav.sk\/index.php?lang=en&amp;doc=user-org-user&amp;user_no=3426\">Ing. Jozef Han\u010du\u013e\u00e1k, PhD.<\/a>)<\/p>\n<p><a href=\"http:\/\/www.sav.sk\/index.php?lang=en&amp;doc=user-org-user&amp;user_no=13790\">Imelda Octa Tampubolon<\/a><br \/>\n<b>Mechanochemical synthesis of nanocrystalline metal chalcogenides as potential materials for energy conversion <\/b>(Supervisor:\u00a0<a href=\"http:\/\/www.sav.sk\/index.php?lang=en&amp;doc=user-org-user&amp;user_no=8905\">RNDr. Matej Bal\u00e1\u017e, PhD.<\/a>)<\/p>\n<p><a href=\"http:\/\/www.sav.sk\/index.php?lang=en&amp;doc=user-org-user&amp;user_no=13358\">Mgr. Nataliia Chechitko<\/a><br \/>\n<b>Development of highly sensitive and specific sensors based on silica and reduced metal nanoparticles on the surface<\/b><br \/>\n(Supervisor: <a href=\"http:\/\/www.sav.sk\/index.php?lang=en&amp;doc=user-org-user&amp;user_no=10429\">Dr. Inna Melnyk)<\/a><\/p>\n<p><a href=\"http:\/\/www.sav.sk\/index.php?lang=en&amp;doc=user-org-user&amp;user_no=14248\">Ing. Vikt\u00f3ria Ko\u017e\u00e1rov\u00e1<\/a><br \/>\n<b>Intensification of mineral raw materials treatment processes using microwave energy<\/b><br \/>\n(Supervisor: <a href=\"http:\/\/www.sav.sk\/index.php?lang=en&amp;doc=user-org-user&amp;user_no=5708\">Ing. Ingrid Znamen\u00e1\u010dkov\u00e1, PhD.<\/a>)<\/p>\n<p>&nbsp;<\/p>\n<p>&nbsp;<\/p>\n","protected":false},"excerpt":{"rendered":"<p>Institute of Geotechnics SAS is an external educational institution providing doctoral (PhD) study in study program Extraction and Processing of Earth Resources and in the&#8230;<span class=\"excerpt_more\"><a href=\"https:\/\/ugt.saske.sk\/en\/research\/phd-study\/\">\u010d\u00edta\u0165 \u010falej &raquo;<\/a><\/span><\/p>\n","protected":false},"author":1,"featured_media":0,"parent":38,"menu_order":0,"comment_status":"closed","ping_status":"closed","template":"","meta":{"_links_to":"","_links_to_target":""},"_links":{"self":[{"href":"https:\/\/ugt.saske.sk\/en\/wp-json\/wp\/v2\/pages\/44"}],"collection":[{"href":"https:\/\/ugt.saske.sk\/en\/wp-json\/wp\/v2\/pages"}],"about":[{"href":"https:\/\/ugt.saske.sk\/en\/wp-json\/wp\/v2\/types\/page"}],"author":[{"embeddable":true,"href":"https:\/\/ugt.saske.sk\/en\/wp-json\/wp\/v2\/users\/1"}],"replies":[{"embeddable":true,"href":"https:\/\/ugt.saske.sk\/en\/wp-json\/wp\/v2\/comments?post=44"}],"version-history":[{"count":48,"href":"https:\/\/ugt.saske.sk\/en\/wp-json\/wp\/v2\/pages\/44\/revisions"}],"predecessor-version":[{"id":824,"href":"https:\/\/ugt.saske.sk\/en\/wp-json\/wp\/v2\/pages\/44\/revisions\/824"}],"up":[{"embeddable":true,"href":"https:\/\/ugt.saske.sk\/en\/wp-json\/wp\/v2\/pages\/38"}],"wp:attachment":[{"href":"https:\/\/ugt.saske.sk\/en\/wp-json\/wp\/v2\/media?parent=44"}],"curies":[{"name":"wp","href":"https:\/\/api.w.org\/{rel}","templated":true}]}}