{"id":46,"date":"2016-04-25T08:35:24","date_gmt":"2016-04-25T06:35:24","guid":{"rendered":"http:\/\/ugt.saske.sk\/en\/?page_id=46"},"modified":"2016-05-13T14:00:48","modified_gmt":"2016-05-13T12:00:48","slug":"cooperation-with-industry","status":"publish","type":"page","link":"https:\/\/ugt.saske.sk\/en\/research\/cooperation-with-industry\/","title":{"rendered":"Cooperation with Industry"},"content":{"rendered":"<p><b>DEVICES AND TECHNOLOGIES DEVELOPED FOR INDUSTRIAL APPLICATIONS\u00a0AT THE INSTITUTE OF GEOTECHNICS SAS<\/b><\/p>\n<p><b>Devices<\/b><\/p>\n<p>Nuclear humidity detector.<br \/>\nOptimiser of rock disintegration processes.<br \/>\nElectromagnetic preventer of throat of oil wells.<br \/>\nPellets strength meter MPP-1.<br \/>\nDensity regulator DR-2.<br \/>\nHydrodynamic separator.<\/p>\n<p>&nbsp;<\/p>\n<p><b>Technologies<\/b><\/p>\n<p>Processing of wastes formed during the treatment of salt brine for agricultural purposes.<br \/>\nUse of iron-works originating abrasive slurries.<br \/>\nRefining of alkaline solution of thio-salt removing mercury and arsenic by cementation.<br \/>\nTechnology of grinding of ceramic materials.<br \/>\nTechnology of complex processing and utilization of waste sludge from aluminium production.<br \/>\nComplex technology of treatment and use of kaolinic and glass sands.<br \/>\nMethod of identification of biogenous risks.<br \/>\nTechnology of treatment of glass waste used for production of high effective abrasive materials.<br \/>\nBiological degradation and decontamination of oil pollution.<br \/>\nRecovery of silver from roasted sulphide ores using chloride method.<br \/>\nBiological regeneration of ferric sulphate leaching solutions.<br \/>\nRemoval of Fe from waste and technological waters.<br \/>\nHydrometallurgic processing of collective concentrates of poly-metallic ores.<br \/>\nGold recovery from arsenopyrite sulphidic concentrates.<br \/>\nThe biologic-chemical treatment of silicate raw materials.<\/p>\n","protected":false},"excerpt":{"rendered":"<p>DEVICES AND TECHNOLOGIES DEVELOPED FOR INDUSTRIAL APPLICATIONS\u00a0AT THE INSTITUTE OF GEOTECHNICS SAS Devices Nuclear humidity detector. Optimiser of rock disintegration processes. Electromagnetic preventer of throat&#8230;<span class=\"excerpt_more\"><a href=\"https:\/\/ugt.saske.sk\/en\/research\/cooperation-with-industry\/\">\u010d\u00edta\u0165 \u010falej &raquo;<\/a><\/span><\/p>\n","protected":false},"author":1,"featured_media":0,"parent":38,"menu_order":0,"comment_status":"closed","ping_status":"closed","template":"","meta":{"_links_to":"","_links_to_target":""},"_links":{"self":[{"href":"https:\/\/ugt.saske.sk\/en\/wp-json\/wp\/v2\/pages\/46"}],"collection":[{"href":"https:\/\/ugt.saske.sk\/en\/wp-json\/wp\/v2\/pages"}],"about":[{"href":"https:\/\/ugt.saske.sk\/en\/wp-json\/wp\/v2\/types\/page"}],"author":[{"embeddable":true,"href":"https:\/\/ugt.saske.sk\/en\/wp-json\/wp\/v2\/users\/1"}],"replies":[{"embeddable":true,"href":"https:\/\/ugt.saske.sk\/en\/wp-json\/wp\/v2\/comments?post=46"}],"version-history":[{"count":6,"href":"https:\/\/ugt.saske.sk\/en\/wp-json\/wp\/v2\/pages\/46\/revisions"}],"predecessor-version":[{"id":324,"href":"https:\/\/ugt.saske.sk\/en\/wp-json\/wp\/v2\/pages\/46\/revisions\/324"}],"up":[{"embeddable":true,"href":"https:\/\/ugt.saske.sk\/en\/wp-json\/wp\/v2\/pages\/38"}],"wp:attachment":[{"href":"https:\/\/ugt.saske.sk\/en\/wp-json\/wp\/v2\/media?parent=46"}],"curies":[{"name":"wp","href":"https:\/\/api.w.org\/{rel}","templated":true}]}}