{"id":54,"date":"2016-04-25T08:35:57","date_gmt":"2016-04-25T06:35:57","guid":{"rendered":"http:\/\/ugt.saske.sk\/en\/?page_id=54"},"modified":"2018-04-12T13:50:06","modified_gmt":"2018-04-12T11:50:06","slug":"conferences","status":"publish","type":"page","link":"https:\/\/ugt.saske.sk\/en\/news\/conferences\/","title":{"rendered":"Conferences"},"content":{"rendered":"<table class='project_list conf'>\n<tr>\n<td>\n<h3>Geochemistry 2026<\/h3>\n<\/td>\n<\/tr>\n<tr>\n<td>Place: Congress center of SAS Academia, Star\u00e1 Lesn\u00e1<\/td>\n<\/tr>\n<tr>\n<td>Date: 27.04.2026 &#8211; 29.04.2026<\/td>\n<\/tr>\n<tr>\n<td><a href='' target='_blank'><\/a><\/td>\n<\/tr>\n<tr>\n<td>Contact: Ing. Hredz\u00e1k Slavom\u00edr, PhD. (<a href='mailto:hredzak@saske.sk' >hredzak@saske.sk<\/a>)<\/td>\n<\/tr>\n<\/table>\n<table class='project_list conf'>\n<tr>\n<td>\n<h3>36th International Conference on the History, Present and Future of the Mining and Geology 2026<\/h3>\n<\/td>\n<\/tr>\n<tr>\n<td>Place: Hotel Repisk\u00e1, Dem\u00e4novsk\u00e1 Dolina<\/td>\n<\/tr>\n<tr>\n<td>Date: 01.10.2026 &#8211; 02.10.2026<\/td>\n<\/tr>\n<tr>\n<td><a href='' target='_blank'><\/a><\/td>\n<\/tr>\n<tr>\n<td>Contact: Ing. Hredz\u00e1k Slavom\u00edr, PhD. (<a href='mailto:hredzak@saske.sk' >hredzak@saske.sk<\/a>)<\/td>\n<\/tr>\n<\/table>\n<table class='project_list conf'>\n<tr>\n<td>\n<h3>7th International Scientific Conference on Biotechnology and Metals 2026<\/h3>\n<\/td>\n<\/tr>\n<tr>\n<td>Place: Congress center of SAS Academia, Star\u00e1 Lesn\u00e1<\/td>\n<\/tr>\n<tr>\n<td>Date: 09.10.2026 &#8211; 10.10.2026<\/td>\n<\/tr>\n<tr>\n<td><a href='' target='_blank'><\/a><\/td>\n<\/tr>\n<tr>\n<td>Contact: Ing. Lupt\u00e1kov\u00e1 Alena, PhD. (<a href='mailto:luptakal@saske.sk' >luptakal@saske.sk<\/a>)<\/td>\n<\/tr>\n<\/table>\n","protected":false},"excerpt":{"rendered":"<p>Geochemistry 2026 Place: Congress center of SAS Academia, Star\u00e1 Lesn\u00e1 Date: 27.04.2026 &#8211; 29.04.2026 Contact: Ing. Hredz\u00e1k Slavom\u00edr, PhD. (hredzak@saske.sk) 36th International Conference on the&#8230;<span class=\"excerpt_more\"><a href=\"https:\/\/ugt.saske.sk\/en\/news\/conferences\/\">\u010d\u00edta\u0165 \u010falej &raquo;<\/a><\/span><\/p>\n","protected":false},"author":1,"featured_media":0,"parent":60,"menu_order":1,"comment_status":"closed","ping_status":"closed","template":"","meta":{"_links_to":"","_links_to_target":""},"_links":{"self":[{"href":"https:\/\/ugt.saske.sk\/en\/wp-json\/wp\/v2\/pages\/54"}],"collection":[{"href":"https:\/\/ugt.saske.sk\/en\/wp-json\/wp\/v2\/pages"}],"about":[{"href":"https:\/\/ugt.saske.sk\/en\/wp-json\/wp\/v2\/types\/page"}],"author":[{"embeddable":true,"href":"https:\/\/ugt.saske.sk\/en\/wp-json\/wp\/v2\/users\/1"}],"replies":[{"embeddable":true,"href":"https:\/\/ugt.saske.sk\/en\/wp-json\/wp\/v2\/comments?post=54"}],"version-history":[{"count":6,"href":"https:\/\/ugt.saske.sk\/en\/wp-json\/wp\/v2\/pages\/54\/revisions"}],"predecessor-version":[{"id":552,"href":"https:\/\/ugt.saske.sk\/en\/wp-json\/wp\/v2\/pages\/54\/revisions\/552"}],"up":[{"embeddable":true,"href":"https:\/\/ugt.saske.sk\/en\/wp-json\/wp\/v2\/pages\/60"}],"wp:attachment":[{"href":"https:\/\/ugt.saske.sk\/en\/wp-json\/wp\/v2\/media?parent=54"}],"curies":[{"name":"wp","href":"https:\/\/api.w.org\/{rel}","templated":true}]}}