{"id":58,"date":"2016-04-25T08:36:18","date_gmt":"2016-04-25T06:36:18","guid":{"rendered":"http:\/\/ugt.saske.sk\/en\/?page_id=58"},"modified":"2025-03-10T10:33:59","modified_gmt":"2025-03-10T09:33:59","slug":"download","status":"publish","type":"page","link":"https:\/\/ugt.saske.sk\/en\/documents\/download\/","title":{"rendered":"Download"},"content":{"rendered":"<p><b><a href=\"http:\/\/ugt.saske.sk\/en\/wp-content\/uploads\/sites\/2\/2025\/03\/PRR25-29_SAV_final_EN_final.pdf\">Gender Equality Plan, Slovak Academy of Sciences, 2025 \u2013 2029<\/a><\/b><\/p>\n<h2>Accreditation<\/h2>\n<p><b><a href=\"http:\/\/ugt.saske.sk\/en\/wp-content\/uploads\/sites\/2\/2022\/07\/Quest-IGTSAS-2016-2021.pdf\">Assessment Questionnaire of Institute of Geotechnics SAS for period 2016-2021<\/a><\/b><\/p>\n<p><a href=\"http:\/\/ugt.saske.sk\/wp-content\/uploads\/2016\/04\/Quest-IGTSAS-2012-2015.pdf\"><b>Assessment Questionnaire of Institute of Geotechnics SAS for period 2012-2015 (old)<\/b><\/a><\/p>\n","protected":false},"excerpt":{"rendered":"<p>Gender Equality Plan, Slovak Academy of Sciences, 2025 \u2013 2029 Accreditation Assessment Questionnaire of Institute of Geotechnics SAS for period 2016-2021 Assessment Questionnaire of Institute&#8230;<span class=\"excerpt_more\"><a href=\"https:\/\/ugt.saske.sk\/en\/documents\/download\/\">\u010d\u00edta\u0165 \u010falej &raquo;<\/a><\/span><\/p>\n","protected":false},"author":1,"featured_media":0,"parent":56,"menu_order":0,"comment_status":"closed","ping_status":"closed","template":"","meta":{"_links_to":"","_links_to_target":""},"_links":{"self":[{"href":"https:\/\/ugt.saske.sk\/en\/wp-json\/wp\/v2\/pages\/58"}],"collection":[{"href":"https:\/\/ugt.saske.sk\/en\/wp-json\/wp\/v2\/pages"}],"about":[{"href":"https:\/\/ugt.saske.sk\/en\/wp-json\/wp\/v2\/types\/page"}],"author":[{"embeddable":true,"href":"https:\/\/ugt.saske.sk\/en\/wp-json\/wp\/v2\/users\/1"}],"replies":[{"embeddable":true,"href":"https:\/\/ugt.saske.sk\/en\/wp-json\/wp\/v2\/comments?post=58"}],"version-history":[{"count":14,"href":"https:\/\/ugt.saske.sk\/en\/wp-json\/wp\/v2\/pages\/58\/revisions"}],"predecessor-version":[{"id":792,"href":"https:\/\/ugt.saske.sk\/en\/wp-json\/wp\/v2\/pages\/58\/revisions\/792"}],"up":[{"embeddable":true,"href":"https:\/\/ugt.saske.sk\/en\/wp-json\/wp\/v2\/pages\/56"}],"wp:attachment":[{"href":"https:\/\/ugt.saske.sk\/en\/wp-json\/wp\/v2\/media?parent=58"}],"curies":[{"name":"wp","href":"https:\/\/api.w.org\/{rel}","templated":true}]}}