{"id":679,"date":"2022-03-30T15:04:43","date_gmt":"2022-03-30T13:04:43","guid":{"rendered":"http:\/\/ugt.saske.sk\/en\/?page_id=679"},"modified":"2022-10-18T17:30:36","modified_gmt":"2022-10-18T15:30:36","slug":"management-board","status":"publish","type":"page","link":"https:\/\/ugt.saske.sk\/en\/about-us\/structure\/management-board\/","title":{"rendered":"Management Board"},"content":{"rendered":"<p><b>Members of Management Board:<\/b><\/p>\n<p><a href=\"http:\/\/ugt.saske.sk\/pracovnici\/zakladne-info\/?user_no=4790\">Ing. Slavom\u00edr Hredz\u00e1k, PhD.<\/a> &#8211; chair<br \/>\n<a href=\"http:\/\/ugt.saske.sk\/pracovnici\/zakladne-info\/?user_no=3426\">Ing. Jozef Han\u010du\u013e\u00e1k, PhD.<\/a><br \/>\n<a href=\"http:\/\/ugt.saske.sk\/pracovnici\/zakladne-info\/?user_no=3226\">Ing. Lucia Ivani\u010dov\u00e1, PhD.<\/a><br \/>\n<a href=\"http:\/\/ugt.saske.sk\/pracovnici\/zakladne-info\/?user_no=4795\">MVDr. Daniel Kupka, PhD.<\/a><br \/>\n<a href=\"http:\/\/ugt.saske.sk\/pracovnici\/zakladne-info\/?user_no=8704\">Ing. Miroslava Nos\u00e1\u013eov\u00e1<\/a><\/p>\n","protected":false},"excerpt":{"rendered":"<p>Members of Management Board: Ing. Slavom\u00edr Hredz\u00e1k, PhD. &#8211; chair Ing. Jozef Han\u010du\u013e\u00e1k, PhD. Ing. Lucia Ivani\u010dov\u00e1, PhD. MVDr. Daniel Kupka, PhD. Ing. Miroslava Nos\u00e1\u013eov\u00e1<\/p>\n","protected":false},"author":1,"featured_media":0,"parent":26,"menu_order":0,"comment_status":"closed","ping_status":"closed","template":"","meta":{"_links_to":"","_links_to_target":""},"_links":{"self":[{"href":"https:\/\/ugt.saske.sk\/en\/wp-json\/wp\/v2\/pages\/679"}],"collection":[{"href":"https:\/\/ugt.saske.sk\/en\/wp-json\/wp\/v2\/pages"}],"about":[{"href":"https:\/\/ugt.saske.sk\/en\/wp-json\/wp\/v2\/types\/page"}],"author":[{"embeddable":true,"href":"https:\/\/ugt.saske.sk\/en\/wp-json\/wp\/v2\/users\/1"}],"replies":[{"embeddable":true,"href":"https:\/\/ugt.saske.sk\/en\/wp-json\/wp\/v2\/comments?post=679"}],"version-history":[{"count":2,"href":"https:\/\/ugt.saske.sk\/en\/wp-json\/wp\/v2\/pages\/679\/revisions"}],"predecessor-version":[{"id":681,"href":"https:\/\/ugt.saske.sk\/en\/wp-json\/wp\/v2\/pages\/679\/revisions\/681"}],"up":[{"embeddable":true,"href":"https:\/\/ugt.saske.sk\/en\/wp-json\/wp\/v2\/pages\/26"}],"wp:attachment":[{"href":"https:\/\/ugt.saske.sk\/en\/wp-json\/wp\/v2\/media?parent=679"}],"curies":[{"name":"wp","href":"https:\/\/api.w.org\/{rel}","templated":true}]}}