{"id":68,"date":"2016-04-25T08:37:16","date_gmt":"2016-04-25T06:37:16","guid":{"rendered":"http:\/\/ugt.saske.sk\/en\/?page_id=68"},"modified":"2016-05-31T12:18:18","modified_gmt":"2016-05-31T10:18:18","slug":"online-publications-and-databases","status":"publish","type":"page","link":"https:\/\/ugt.saske.sk\/en\/links\/online-publications-and-databases\/","title":{"rendered":"Online Publications and Databases"},"content":{"rendered":"<p><b><a href=\"http:\/\/www.sav.sk\">Slovak Academy of Sciences<\/a><\/b><br \/>\n&nbsp;<br \/>\n<b><a href=\"http:\/\/www.uk.sav.sk\/uk_pre_SAV\/\">Central Library of Slovak Academy of Sciences<\/a><\/b><br \/>\n&nbsp;<\/p>\n<p>&nbsp;<br \/>\nCheck the state-of-the art of your research in scientific databases:<br \/>\n&nbsp;<\/p>\n<p><b><a href=\"http:\/\/www.scopus.com\">Scopus<\/a><\/b><br \/>\n&nbsp;<br \/>\n<b><a href=\"http:\/\/apps.webofknowledge.com\/\">Web of Science<\/a><\/b><br \/>\n&nbsp;<br \/>\n<b><a href=\"https:\/\/www.onepetro.org\/\">OnePetro<\/a><\/b><br \/>\n&nbsp;<br \/>\n<b><a href=\"http:\/\/geoscienceworld.org\/\"><b>GeoScienceWorld<\/b><\/a><br \/>\n&nbsp;<br \/>\n<b><a href=\"http:\/\/ascelibrary.org\/\">American Society of Civil Engineers (ASCE)<\/a><\/b><br \/>\n&nbsp;<br \/>\n<b><a href=\"http:\/\/asmedigitalcollection.asme.org\/\">ASME journals and books<\/a><\/b><br \/>\n&nbsp;<br \/>\n<b><a href=\"http:\/\/ieeexplore.ieee.org\/\">IEEE Xplore Digital Library<\/a><\/b><br \/>\n&nbsp;<\/p>\n<p>&nbsp;<br \/>\n<b><a href=\"https:\/\/summary.ccdc.cam.ac.uk\/structure-summary-form\">Cambridge Crystallographic Data Centre (CCDC)\/Cambridge Structural Database (CSD)<\/a><\/b><br \/>\n&nbsp;<br \/>\n<b><a href=\"http:\/\/http:\/\/oxforddictionaries.com\/\">Oxford Dictionaries Online<\/a><br \/>\n&nbsp;<\/p>\n","protected":false},"excerpt":{"rendered":"<p>Slovak Academy of Sciences &nbsp; Central Library of Slovak Academy of Sciences &nbsp; &nbsp; Check the state-of-the art of your research in scientific databases: &nbsp;&#8230;<span class=\"excerpt_more\"><a href=\"https:\/\/ugt.saske.sk\/en\/links\/online-publications-and-databases\/\">\u010d\u00edta\u0165 \u010falej &raquo;<\/a><\/span><\/p>\n","protected":false},"author":1,"featured_media":0,"parent":66,"menu_order":0,"comment_status":"closed","ping_status":"closed","template":"","meta":{"_links_to":"","_links_to_target":""},"_links":{"self":[{"href":"https:\/\/ugt.saske.sk\/en\/wp-json\/wp\/v2\/pages\/68"}],"collection":[{"href":"https:\/\/ugt.saske.sk\/en\/wp-json\/wp\/v2\/pages"}],"about":[{"href":"https:\/\/ugt.saske.sk\/en\/wp-json\/wp\/v2\/types\/page"}],"author":[{"embeddable":true,"href":"https:\/\/ugt.saske.sk\/en\/wp-json\/wp\/v2\/users\/1"}],"replies":[{"embeddable":true,"href":"https:\/\/ugt.saske.sk\/en\/wp-json\/wp\/v2\/comments?post=68"}],"version-history":[{"count":6,"href":"https:\/\/ugt.saske.sk\/en\/wp-json\/wp\/v2\/pages\/68\/revisions"}],"predecessor-version":[{"id":440,"href":"https:\/\/ugt.saske.sk\/en\/wp-json\/wp\/v2\/pages\/68\/revisions\/440"}],"up":[{"embeddable":true,"href":"https:\/\/ugt.saske.sk\/en\/wp-json\/wp\/v2\/pages\/66"}],"wp:attachment":[{"href":"https:\/\/ugt.saske.sk\/en\/wp-json\/wp\/v2\/media?parent=68"}],"curies":[{"name":"wp","href":"https:\/\/api.w.org\/{rel}","templated":true}]}}