{"id":682,"date":"2022-03-30T15:14:04","date_gmt":"2022-03-30T13:14:04","guid":{"rendered":"http:\/\/ugt.saske.sk\/en\/?page_id=682"},"modified":"2022-10-18T17:30:58","modified_gmt":"2022-10-18T15:30:58","slug":"supervisory-board","status":"publish","type":"page","link":"https:\/\/ugt.saske.sk\/en\/about-us\/structure\/supervisory-board\/","title":{"rendered":"Supervisory Board"},"content":{"rendered":"<p><b>Members of Supervisory Board:<\/b><\/p>\n<p>RNDr. Pavol Siman, PhD. &#8211; chair; member of SAS presidium for I.scientific section, Earth Science Institute SAS, Bratislava<br \/>\nprof. RNDr. J\u00e1n Spi\u0161iak, DrSc. &#8211; member; Department of Geography and Geology, The Faculty of Natural Sciences of Matej Bel University, Bansk\u00e1 Bystrica<br \/>\nIng. Romana Jurkiewiczov\u00e1 &#8211; member; Office of Slovak Academy of Sciences, Bratislava<\/p>\n","protected":false},"excerpt":{"rendered":"<p>Members of Supervisory Board: RNDr. Pavol Siman, PhD. &#8211; chair; member of SAS presidium for I.scientific section, Earth Science Institute SAS, Bratislava prof. RNDr. J\u00e1n&#8230;<span class=\"excerpt_more\"><a href=\"https:\/\/ugt.saske.sk\/en\/about-us\/structure\/supervisory-board\/\">\u010d\u00edta\u0165 \u010falej &raquo;<\/a><\/span><\/p>\n","protected":false},"author":1,"featured_media":0,"parent":26,"menu_order":0,"comment_status":"closed","ping_status":"closed","template":"","meta":{"_links_to":"","_links_to_target":""},"_links":{"self":[{"href":"https:\/\/ugt.saske.sk\/en\/wp-json\/wp\/v2\/pages\/682"}],"collection":[{"href":"https:\/\/ugt.saske.sk\/en\/wp-json\/wp\/v2\/pages"}],"about":[{"href":"https:\/\/ugt.saske.sk\/en\/wp-json\/wp\/v2\/types\/page"}],"author":[{"embeddable":true,"href":"https:\/\/ugt.saske.sk\/en\/wp-json\/wp\/v2\/users\/1"}],"replies":[{"embeddable":true,"href":"https:\/\/ugt.saske.sk\/en\/wp-json\/wp\/v2\/comments?post=682"}],"version-history":[{"count":1,"href":"https:\/\/ugt.saske.sk\/en\/wp-json\/wp\/v2\/pages\/682\/revisions"}],"predecessor-version":[{"id":683,"href":"https:\/\/ugt.saske.sk\/en\/wp-json\/wp\/v2\/pages\/682\/revisions\/683"}],"up":[{"embeddable":true,"href":"https:\/\/ugt.saske.sk\/en\/wp-json\/wp\/v2\/pages\/26"}],"wp:attachment":[{"href":"https:\/\/ugt.saske.sk\/en\/wp-json\/wp\/v2\/media?parent=682"}],"curies":[{"name":"wp","href":"https:\/\/api.w.org\/{rel}","templated":true}]}}