{"id":72,"date":"2016-04-25T08:37:38","date_gmt":"2016-04-25T06:37:38","guid":{"rendered":"http:\/\/ugt.saske.sk\/en\/?page_id=72"},"modified":"2017-01-25T16:59:04","modified_gmt":"2017-01-25T15:59:04","slug":"project-websites","status":"publish","type":"page","link":"https:\/\/ugt.saske.sk\/en\/links\/project-websites\/","title":{"rendered":"Project Websites"},"content":{"rendered":"<p><img loading=\"lazy\" class=\"alignnone wp-image-481\" src=\"http:\/\/ugt.saske.sk\/en\/wp-content\/uploads\/sites\/2\/2016\/04\/EU-FP7-people-logo-RGB-150x122.jpg\" alt=\"EU-FP7-people-logo-RGB-150x122\" width=\"100\" height=\"78\" \/>\u00a0 \u00a0\u00a0<img loading=\"lazy\" class=\"alignnone wp-image-482\" src=\"http:\/\/ugt.saske.sk\/en\/wp-content\/uploads\/sites\/2\/2016\/04\/logo-WaSClean-03-06-rgb-150x284.jpg\" alt=\"logo-WaSClean-03-06-rgb-150x284\" width=\"40\" height=\"78\" \/><\/p>\n<p>Project <b><a href=\"http:\/\/www.saske.sk\/wasclean\/\">WaSClean: Water and Soil Clean-up from Mixed Contaminants<\/a><\/b> (7th Framework Programme of European Union FP7-People-2013-IAPP WaSClean-612250)<\/p>\n<p>&nbsp;<\/p>\n<p><img loading=\"lazy\" class=\"alignnone wp-image-481\" src=\"http:\/\/ugt.saske.sk\/en\/wp-content\/uploads\/sites\/2\/2016\/04\/EU-FP7-people-logo-RGB-150x122.jpg\" alt=\"EU-FP7-people-logo-RGB-150x122\" width=\"95\" height=\"78\" srcset=\"https:\/\/ugt.saske.sk\/en\/wp-content\/uploads\/sites\/2\/2016\/04\/EU-FP7-people-logo-RGB-150x122.jpg 150w, https:\/\/ugt.saske.sk\/en\/wp-content\/uploads\/sites\/2\/2016\/04\/EU-FP7-people-logo-RGB-150x122-100x81.jpg 100w\" sizes=\"(max-width: 95px) 100vw, 95px\" \/>\u00a0\u00a0<img loading=\"lazy\" class=\"alignnone wp-image-474\" src=\"http:\/\/ugt.saske.sk\/en\/wp-content\/uploads\/sites\/2\/2016\/04\/saspro_logo.png\" alt=\"saspro_logo\" width=\"224\" height=\"71\" srcset=\"https:\/\/ugt.saske.sk\/en\/wp-content\/uploads\/sites\/2\/2016\/04\/saspro_logo.png 228w, https:\/\/ugt.saske.sk\/en\/wp-content\/uploads\/sites\/2\/2016\/04\/saspro_logo-100x32.png 100w\" sizes=\"(max-width: 224px) 100vw, 224px\" \/><br \/>\nProject <a href=\"http:\/\/ugt.saske.sk\/en\/saspro\/\"><b>SASPRO:\u00a0Bifunctional silica and magnetite spherical particles with tailored porosity and surface chemistry for complex water treatment<\/b><\/a>\u00a0(Programme SASPRO Mobility Programme of the Slovak Academy of Sciences: FP7-PEOPLE Marie Curie Actions, No.\u00a0609427)<\/p>\n<p>&nbsp;<\/p>\n<p><img loading=\"lazy\" class=\"alignnone size-full wp-image-483\" src=\"http:\/\/ugt.saske.sk\/en\/wp-content\/uploads\/sites\/2\/2016\/04\/JST.png\" alt=\"JST\" width=\"84\" height=\"76\" \/> <img loading=\"lazy\" class=\"alignnone wp-image-484\" src=\"http:\/\/ugt.saske.sk\/en\/wp-content\/uploads\/sites\/2\/2016\/04\/V4.png\" alt=\"V4\" width=\"175\" height=\"72\" srcset=\"https:\/\/ugt.saske.sk\/en\/wp-content\/uploads\/sites\/2\/2016\/04\/V4.png 221w, https:\/\/ugt.saske.sk\/en\/wp-content\/uploads\/sites\/2\/2016\/04\/V4-100x41.png 100w\" sizes=\"(max-width: 175px) 100vw, 175px\" \/><\/p>\n<p>Project <b><a href=\"http:\/\/adox.rie.shizuoka.ac.jp\/\">AdOx: Structure-Function Relationship of Advanced Nanooxides for Energy Storage Devices<\/a><\/b><\/p>\n","protected":false},"excerpt":{"rendered":"<p>\u00a0 \u00a0\u00a0 Project WaSClean: Water and Soil Clean-up from Mixed Contaminants (7th Framework Programme of European Union FP7-People-2013-IAPP WaSClean-612250) &nbsp; \u00a0\u00a0 Project SASPRO:\u00a0Bifunctional silica and&#8230;<span class=\"excerpt_more\"><a href=\"https:\/\/ugt.saske.sk\/en\/links\/project-websites\/\">\u010d\u00edta\u0165 \u010falej &raquo;<\/a><\/span><\/p>\n","protected":false},"author":1,"featured_media":0,"parent":66,"menu_order":0,"comment_status":"closed","ping_status":"closed","template":"","meta":{"_links_to":"","_links_to_target":""},"_links":{"self":[{"href":"https:\/\/ugt.saske.sk\/en\/wp-json\/wp\/v2\/pages\/72"}],"collection":[{"href":"https:\/\/ugt.saske.sk\/en\/wp-json\/wp\/v2\/pages"}],"about":[{"href":"https:\/\/ugt.saske.sk\/en\/wp-json\/wp\/v2\/types\/page"}],"author":[{"embeddable":true,"href":"https:\/\/ugt.saske.sk\/en\/wp-json\/wp\/v2\/users\/1"}],"replies":[{"embeddable":true,"href":"https:\/\/ugt.saske.sk\/en\/wp-json\/wp\/v2\/comments?post=72"}],"version-history":[{"count":32,"href":"https:\/\/ugt.saske.sk\/en\/wp-json\/wp\/v2\/pages\/72\/revisions"}],"predecessor-version":[{"id":522,"href":"https:\/\/ugt.saske.sk\/en\/wp-json\/wp\/v2\/pages\/72\/revisions\/522"}],"up":[{"embeddable":true,"href":"https:\/\/ugt.saske.sk\/en\/wp-json\/wp\/v2\/pages\/66"}],"wp:attachment":[{"href":"https:\/\/ugt.saske.sk\/en\/wp-json\/wp\/v2\/media?parent=72"}],"curies":[{"name":"wp","href":"https:\/\/api.w.org\/{rel}","templated":true}]}}